{"id":2187,"date":"2018-05-05T13:02:40","date_gmt":"2018-05-05T11:02:40","guid":{"rendered":"http:\/\/www.briantes.fr\/?page_id=2187"},"modified":"2025-02-06T15:45:45","modified_gmt":"2025-02-06T14:45:45","slug":"briantes-idees","status":"publish","type":"page","link":"https:\/\/www.briantes.fr\/index.php\/briantes-idees\/","title":{"rendered":"Bulletin Municipal de Briantes"},"content":{"rendered":"<a href=\"https:\/\/www.briantes.fr\/wp-content\/uploads\/2025\/02\/bulletin-briantes-janvier-2025V5LR.pdf\" class=\"pdfemb-viewer\" style=\"\" data-width=\"max\" data-height=\"max\"  data-toolbar=\"bottom\" data-toolbar-fixed=\"off\">bulletin-briantes-janvier-2025V5LR<br\/><\/a>\n","protected":false},"excerpt":{"rendered":"","protected":false},"author":1,"featured_media":0,"parent":0,"menu_order":0,"comment_status":"closed","ping_status":"closed","template":"","meta":{"_mi_skip_tracking":false,"_exactmetrics_sitenote_active":false,"_exactmetrics_sitenote_note":"","_exactmetrics_sitenote_category":0,"jetpack_post_was_ever_published":false,"footnotes":""},"yoast_head":"<!-- This site is optimized with the Yoast SEO plugin v21.6 - https:\/\/yoast.com\/wordpress\/plugins\/seo\/ -->\n<title>Bulletin Municipal de Briantes - Ville de Briantes<\/title>\n<meta name=\"description\" content=\"Quelles id\u00e9es de sorties, d&#039;activit\u00e9s, quels services disponibles \u00e0 Briantes ? Retrouvez toutes les informations dans votre bulletin municipal et en mairie.\" \/>\n<meta name=\"robots\" content=\"index, follow, max-snippet:-1, max-image-preview:large, max-video-preview:-1\" \/>\n<link rel=\"canonical\" href=\"https:\/\/www.briantes.fr\/index.php\/briantes-idees\/\" \/>\n<meta property=\"og:locale\" content=\"fr_FR\" \/>\n<meta property=\"og:type\" content=\"article\" \/>\n<meta property=\"og:title\" content=\"Bulletin Municipal de Briantes - Ville de Briantes\" \/>\n<meta property=\"og:description\" content=\"Quelles id\u00e9es de sorties, d&#039;activit\u00e9s, quels services disponibles \u00e0 Briantes ? Retrouvez toutes les informations dans votre bulletin municipal et en mairie.\" \/>\n<meta property=\"og:url\" content=\"https:\/\/www.briantes.fr\/index.php\/briantes-idees\/\" \/>\n<meta property=\"og:site_name\" content=\"Ville de Briantes\" \/>\n<meta property=\"article:publisher\" content=\"https:\/\/www.facebook.com\/villebriantes\/\" \/>\n<meta property=\"article:modified_time\" content=\"2025-02-06T14:45:45+00:00\" \/>\n<meta name=\"twitter:card\" content=\"summary_large_image\" \/>\n<meta name=\"twitter:label1\" content=\"Dur\u00e9e de lecture estim\u00e9e\" \/>\n\t<meta name=\"twitter:data1\" content=\"1 minute\" \/>\n<script type=\"application\/ld+json\" class=\"yoast-schema-graph\">{\"@context\":\"https:\/\/schema.org\",\"@graph\":[{\"@type\":\"WebPage\",\"@id\":\"https:\/\/www.briantes.fr\/index.php\/briantes-idees\/\",\"url\":\"https:\/\/www.briantes.fr\/index.php\/briantes-idees\/\",\"name\":\"Bulletin Municipal de Briantes - Ville de Briantes\",\"isPartOf\":{\"@id\":\"https:\/\/www.briantes.fr\/#website\"},\"datePublished\":\"2018-05-05T11:02:40+00:00\",\"dateModified\":\"2025-02-06T14:45:45+00:00\",\"description\":\"Quelles id\u00e9es de sorties, d'activit\u00e9s, quels services disponibles \u00e0 Briantes ? Retrouvez toutes les informations dans votre bulletin municipal et en mairie.\",\"breadcrumb\":{\"@id\":\"https:\/\/www.briantes.fr\/index.php\/briantes-idees\/#breadcrumb\"},\"inLanguage\":\"fr-FR\",\"potentialAction\":[{\"@type\":\"ReadAction\",\"target\":[\"https:\/\/www.briantes.fr\/index.php\/briantes-idees\/\"]}]},{\"@type\":\"BreadcrumbList\",\"@id\":\"https:\/\/www.briantes.fr\/index.php\/briantes-idees\/#breadcrumb\",\"itemListElement\":[{\"@type\":\"ListItem\",\"position\":1,\"name\":\"Accueil\",\"item\":\"https:\/\/www.briantes.fr\/\"},{\"@type\":\"ListItem\",\"position\":2,\"name\":\"Bulletin Municipal de Briantes\"}]},{\"@type\":\"WebSite\",\"@id\":\"https:\/\/www.briantes.fr\/#website\",\"url\":\"https:\/\/www.briantes.fr\/\",\"name\":\"Ville de Briantes\",\"description\":\"Site officiel\",\"publisher\":{\"@id\":\"https:\/\/www.briantes.fr\/#organization\"},\"potentialAction\":[{\"@type\":\"SearchAction\",\"target\":{\"@type\":\"EntryPoint\",\"urlTemplate\":\"https:\/\/www.briantes.fr\/?s={search_term_string}\"},\"query-input\":\"required name=search_term_string\"}],\"inLanguage\":\"fr-FR\"},{\"@type\":\"Organization\",\"@id\":\"https:\/\/www.briantes.fr\/#organization\",\"name\":\"Mairie de Briantes\",\"url\":\"https:\/\/www.briantes.fr\/\",\"logo\":{\"@type\":\"ImageObject\",\"inLanguage\":\"fr-FR\",\"@id\":\"https:\/\/www.briantes.fr\/#\/schema\/logo\/image\/\",\"url\":\"https:\/\/i0.wp.com\/www.briantes.fr\/wp-content\/uploads\/2019\/01\/Logo-briantes-mini-sd.jpg?fit=200%2C48&ssl=1\",\"contentUrl\":\"https:\/\/i0.wp.com\/www.briantes.fr\/wp-content\/uploads\/2019\/01\/Logo-briantes-mini-sd.jpg?fit=200%2C48&ssl=1\",\"width\":200,\"height\":48,\"caption\":\"Mairie de Briantes\"},\"image\":{\"@id\":\"https:\/\/www.briantes.fr\/#\/schema\/logo\/image\/\"},\"sameAs\":[\"https:\/\/www.facebook.com\/villebriantes\/\"]}]}<\/script>\n<!-- \/ Yoast SEO plugin. -->","yoast_head_json":{"title":"Bulletin Municipal de Briantes - Ville de Briantes","description":"Quelles id\u00e9es de sorties, d'activit\u00e9s, quels services disponibles \u00e0 Briantes ? Retrouvez toutes les informations dans votre bulletin municipal et en mairie.","robots":{"index":"index","follow":"follow","max-snippet":"max-snippet:-1","max-image-preview":"max-image-preview:large","max-video-preview":"max-video-preview:-1"},"canonical":"https:\/\/www.briantes.fr\/index.php\/briantes-idees\/","og_locale":"fr_FR","og_type":"article","og_title":"Bulletin Municipal de Briantes - Ville de Briantes","og_description":"Quelles id\u00e9es de sorties, d'activit\u00e9s, quels services disponibles \u00e0 Briantes ? Retrouvez toutes les informations dans votre bulletin municipal et en mairie.","og_url":"https:\/\/www.briantes.fr\/index.php\/briantes-idees\/","og_site_name":"Ville de Briantes","article_publisher":"https:\/\/www.facebook.com\/villebriantes\/","article_modified_time":"2025-02-06T14:45:45+00:00","twitter_card":"summary_large_image","twitter_misc":{"Dur\u00e9e de lecture estim\u00e9e":"1 minute"},"schema":{"@context":"https:\/\/schema.org","@graph":[{"@type":"WebPage","@id":"https:\/\/www.briantes.fr\/index.php\/briantes-idees\/","url":"https:\/\/www.briantes.fr\/index.php\/briantes-idees\/","name":"Bulletin Municipal de Briantes - Ville de Briantes","isPartOf":{"@id":"https:\/\/www.briantes.fr\/#website"},"datePublished":"2018-05-05T11:02:40+00:00","dateModified":"2025-02-06T14:45:45+00:00","description":"Quelles id\u00e9es de sorties, d'activit\u00e9s, quels services disponibles \u00e0 Briantes ? Retrouvez toutes les informations dans votre bulletin municipal et en mairie.","breadcrumb":{"@id":"https:\/\/www.briantes.fr\/index.php\/briantes-idees\/#breadcrumb"},"inLanguage":"fr-FR","potentialAction":[{"@type":"ReadAction","target":["https:\/\/www.briantes.fr\/index.php\/briantes-idees\/"]}]},{"@type":"BreadcrumbList","@id":"https:\/\/www.briantes.fr\/index.php\/briantes-idees\/#breadcrumb","itemListElement":[{"@type":"ListItem","position":1,"name":"Accueil","item":"https:\/\/www.briantes.fr\/"},{"@type":"ListItem","position":2,"name":"Bulletin Municipal de Briantes"}]},{"@type":"WebSite","@id":"https:\/\/www.briantes.fr\/#website","url":"https:\/\/www.briantes.fr\/","name":"Ville de Briantes","description":"Site officiel","publisher":{"@id":"https:\/\/www.briantes.fr\/#organization"},"potentialAction":[{"@type":"SearchAction","target":{"@type":"EntryPoint","urlTemplate":"https:\/\/www.briantes.fr\/?s={search_term_string}"},"query-input":"required name=search_term_string"}],"inLanguage":"fr-FR"},{"@type":"Organization","@id":"https:\/\/www.briantes.fr\/#organization","name":"Mairie de Briantes","url":"https:\/\/www.briantes.fr\/","logo":{"@type":"ImageObject","inLanguage":"fr-FR","@id":"https:\/\/www.briantes.fr\/#\/schema\/logo\/image\/","url":"https:\/\/i0.wp.com\/www.briantes.fr\/wp-content\/uploads\/2019\/01\/Logo-briantes-mini-sd.jpg?fit=200%2C48&ssl=1","contentUrl":"https:\/\/i0.wp.com\/www.briantes.fr\/wp-content\/uploads\/2019\/01\/Logo-briantes-mini-sd.jpg?fit=200%2C48&ssl=1","width":200,"height":48,"caption":"Mairie de Briantes"},"image":{"@id":"https:\/\/www.briantes.fr\/#\/schema\/logo\/image\/"},"sameAs":["https:\/\/www.facebook.com\/villebriantes\/"]}]}},"jetpack_sharing_enabled":true,"jetpack_shortlink":"https:\/\/wp.me\/P9GCCX-zh","jetpack_likes_enabled":true,"jetpack-related-posts":[{"id":2,"url":"https:\/\/www.briantes.fr\/","url_meta":{"origin":2187,"position":0},"title":"Authentique et moderne","author":"Admin","date":"22 f\u00e9vrier 2018","format":false,"excerpt":"Bienvenue \u00e0 Briantes, commune du d\u00e9partement de l'Indre, en plein Sud Berry.\u200b Mairie de Briantes:4 place Jean Moulin 36400 BriantesHoraires: Lundi, mardi, jeudi: \u00a08H30-12h30 et 13h30-17H30Mercredi : 9h - 12h30 vendredi 8h30-12h30 13h30-17h\u00a002 54 48 09 06 There is no Event Bulletin municipal 2025 T\u00e9lecharger le bulletin Calendrier 2025 des\u2026","rel":"","context":"Article similaire","block_context":{"text":"Article similaire","link":""},"img":{"alt_text":"","src":"https:\/\/i0.wp.com\/www.briantes.fr\/wp-content\/uploads\/2025\/02\/bulletin-briantes-janvier-2025V5LR_Page_01-725x1024.jpg?resize=350%2C200","width":350,"height":200,"srcset":"https:\/\/i0.wp.com\/www.briantes.fr\/wp-content\/uploads\/2025\/02\/bulletin-briantes-janvier-2025V5LR_Page_01-725x1024.jpg?resize=350%2C200 1x, https:\/\/i0.wp.com\/www.briantes.fr\/wp-content\/uploads\/2025\/02\/bulletin-briantes-janvier-2025V5LR_Page_01-725x1024.jpg?resize=525%2C300 1.5x, https:\/\/i0.wp.com\/www.briantes.fr\/wp-content\/uploads\/2025\/02\/bulletin-briantes-janvier-2025V5LR_Page_01-725x1024.jpg?resize=700%2C400 2x"},"classes":[]},{"id":2197,"url":"https:\/\/www.briantes.fr\/index.php\/briantes-a-360\/","url_meta":{"origin":2187,"position":1},"title":"Briantes \u00e0 360\u00b0","author":"Admin","date":"9 mai 2018","format":false,"excerpt":"Briantes \u00e0 360\u00b0 Vaudouan https:\/\/www.youtube.com\/watch?v=XHOmBV4js_E Le square l'\u00e9glise de Briantes Chemin de l'ancienne voie ferr\u00e9e","rel":"","context":"Article similaire","block_context":{"text":"Article similaire","link":""},"img":{"alt_text":"","src":"https:\/\/i0.wp.com\/img.youtube.com\/vi\/XHOmBV4js_E\/0.jpg?resize=350%2C200","width":350,"height":200},"classes":[]},{"id":69,"url":"https:\/\/www.briantes.fr\/index.php\/mairie-de-briantes\/","url_meta":{"origin":2187,"position":2},"title":"Mairie de Briantes","author":"Admin","date":"23 f\u00e9vrier 2018","format":false,"excerpt":"Acc\u00e8s et horaires L'\u00e9quipe municipale Les services de la mairie Accueil en mairie Informations pratiques, touristiques, et vie de la commune: pour tout savoir sur la ville de Briantes, vous pouvez vous rendre directement en Mairie.Horaires: Lundi, mardi, jeudi: \u00a08H30-12h30 et 13h30-17H30Mercredi : 9h - 12h30 vendredi 8h30-12h30 13h30-17hAdresse: 4\u2026","rel":"","context":"Article similaire","block_context":{"text":"Article similaire","link":""},"img":{"alt_text":"","src":"https:\/\/i0.wp.com\/www.briantes.fr\/wp-content\/uploads\/2021\/03\/listeBriantes4-2.jpg?resize=350%2C200","width":350,"height":200,"srcset":"https:\/\/i0.wp.com\/www.briantes.fr\/wp-content\/uploads\/2021\/03\/listeBriantes4-2.jpg?resize=350%2C200 1x, https:\/\/i0.wp.com\/www.briantes.fr\/wp-content\/uploads\/2021\/03\/listeBriantes4-2.jpg?resize=525%2C300 1.5x, https:\/\/i0.wp.com\/www.briantes.fr\/wp-content\/uploads\/2021\/03\/listeBriantes4-2.jpg?resize=700%2C400 2x"},"classes":[]},{"id":53,"url":"https:\/\/www.briantes.fr\/index.php\/actualites-de-la-ville-de-briantes\/","url_meta":{"origin":2187,"position":3},"title":"Actualit\u00e9s de Briantes","author":"Admin","date":"23 f\u00e9vrier 2018","format":false,"excerpt":"[wpspw_recent_post_slider]","rel":"","context":"Article similaire","block_context":{"text":"Article similaire","link":""},"img":{"alt_text":"","src":"","width":0,"height":0},"classes":[]},{"id":100,"url":"https:\/\/www.briantes.fr\/index.php\/environnement\/","url_meta":{"origin":2187,"position":4},"title":"Environnement","author":"Admin","date":"23 f\u00e9vrier 2018","format":false,"excerpt":"Prairies arbor\u00e9es et chemins de randonn\u00e9es, la nature a une place importante \u00e0 Briantes. Retrouvez ici toutes les informations utiles pour participer \u00e0 la protection de l'environnement, notamment pour le recyclage et la collecte de d\u00e9chets.\u00a0 L'agriculture \u00e0 Briantes Actualit\u00e9s climat, d\u00e9chets et environnement A d\u00e9couvrir Informations pratiques Une nature\u2026","rel":"","context":"Article similaire","block_context":{"text":"Article similaire","link":""},"img":{"alt_text":"","src":"","width":0,"height":0},"classes":[]},{"id":2193,"url":"https:\/\/www.briantes.fr\/index.php\/mentions-legales\/","url_meta":{"origin":2187,"position":5},"title":"Mentions l\u00e9gales","author":"Admin","date":"7 mai 2018","format":false,"excerpt":"Ce site est la propri\u00e9t\u00e9 de la Mairie de Briantes: Adresse: 4 place Jean Moulin, 36 400 Briantes TEL : 02 54 48 09 06 E-mail: mairie.de.briantes@wanadoo.fr R\u00e9daction: Johanna Camp j.camp@ilovelachatre.fr Tel: 06 61 38 47 69 29 Le Virolan, 36400 Briantes Ce site est fabriqu\u00e9 au Big Berry. Cr\u00e9dits\u2026","rel":"","context":"Article similaire","block_context":{"text":"Article similaire","link":""},"img":{"alt_text":"","src":"","width":0,"height":0},"classes":[]}],"_links":{"self":[{"href":"https:\/\/www.briantes.fr\/index.php\/wp-json\/wp\/v2\/pages\/2187"}],"collection":[{"href":"https:\/\/www.briantes.fr\/index.php\/wp-json\/wp\/v2\/pages"}],"about":[{"href":"https:\/\/www.briantes.fr\/index.php\/wp-json\/wp\/v2\/types\/page"}],"author":[{"embeddable":true,"href":"https:\/\/www.briantes.fr\/index.php\/wp-json\/wp\/v2\/users\/1"}],"replies":[{"embeddable":true,"href":"https:\/\/www.briantes.fr\/index.php\/wp-json\/wp\/v2\/comments?post=2187"}],"version-history":[{"count":1,"href":"https:\/\/www.briantes.fr\/index.php\/wp-json\/wp\/v2\/pages\/2187\/revisions"}],"predecessor-version":[{"id":3715,"href":"https:\/\/www.briantes.fr\/index.php\/wp-json\/wp\/v2\/pages\/2187\/revisions\/3715"}],"wp:attachment":[{"href":"https:\/\/www.briantes.fr\/index.php\/wp-json\/wp\/v2\/media?parent=2187"}],"curies":[{"name":"wp","href":"https:\/\/api.w.org\/{rel}","templated":true}]}}