{"id":2193,"date":"2018-05-07T19:48:11","date_gmt":"2018-05-07T17:48:11","guid":{"rendered":"http:\/\/www.briantes.fr\/?page_id=2193"},"modified":"2018-05-07T19:48:11","modified_gmt":"2018-05-07T17:48:11","slug":"mentions-legales","status":"publish","type":"page","link":"https:\/\/www.briantes.fr\/index.php\/mentions-legales\/","title":{"rendered":"Mentions l\u00e9gales"},"content":{"rendered":"<p>Ce site est la propri\u00e9t\u00e9 de la Mairie de Briantes:<\/p>\n<p>Adresse: 4 place Jean Moulin, 36 400 Briantes<br \/>\nTEL : 02 54 48 09 06<\/p>\n<p>E-mail: mairie.de.briantes@wanadoo.fr<\/p>\n<p>R\u00e9daction:<\/p>\n<p>Johanna Camp<br \/>\nj.camp@ilovelachatre.fr<br \/>\nTel: 06 61 38 47 69<br \/>\n29 Le Virolan, 36400 Briantes<\/p>\n<p>Ce site est fabriqu\u00e9 au Big Berry.<\/p>\n<p>Cr\u00e9dits photos:<\/p>\n<p>I Love La Ch\u00e2tre<br \/>\nMairie de Briantes<\/p>\n<p>Cr\u00e9dits textes:<\/p>\n<p>G\u00e9rard Guillaume (pour l&rsquo;\u00e9glise Saint-Aignan)<\/p>\n<p>Les informations fournies sur ce site le sont \u00e0 titre indicatif, en fonction des besoins et donn\u00e9es identifi\u00e9es. Elles ne se substituent en aucun cas aux r\u00e8gles et lois en vigueur, et peuvent comme toute information, n\u00e9cessiter une mise \u00e0 jour. Nous vous invitons dans tous les cas \u00e0 retrouver plus de d\u00e9tails en mairie, \u00e0 la pr\u00e9fecture de Ch\u00e2teauroux ou \u00e0 la mairie de La Ch\u00e2tre, en fonction de vos demandes.<\/p>\n","protected":false},"excerpt":{"rendered":"<p>Ce site est la propri\u00e9t\u00e9 de la Mairie de Briantes: Adresse: 4 place Jean Moulin, 36 400 Briantes TEL : 02 54 48 09 06 E-mail: mairie.de.briantes@wanadoo.fr R\u00e9daction: Johanna Camp [&hellip;]<\/p>\n","protected":false},"author":1,"featured_media":0,"parent":0,"menu_order":0,"comment_status":"closed","ping_status":"closed","template":"","meta":{"_mi_skip_tracking":false,"_exactmetrics_sitenote_active":false,"_exactmetrics_sitenote_note":"","_exactmetrics_sitenote_category":0,"jetpack_post_was_ever_published":false,"footnotes":""},"yoast_head":"<!-- This site is optimized with the Yoast SEO plugin v21.6 - https:\/\/yoast.com\/wordpress\/plugins\/seo\/ -->\n<title>Mentions l\u00e9gales - Ville de Briantes<\/title>\n<meta name=\"robots\" content=\"index, follow, max-snippet:-1, max-image-preview:large, max-video-preview:-1\" \/>\n<link rel=\"canonical\" href=\"https:\/\/www.briantes.fr\/index.php\/mentions-legales\/\" \/>\n<meta property=\"og:locale\" content=\"fr_FR\" \/>\n<meta property=\"og:type\" content=\"article\" \/>\n<meta property=\"og:title\" content=\"Mentions l\u00e9gales - Ville de Briantes\" \/>\n<meta property=\"og:description\" content=\"Ce site est la propri\u00e9t\u00e9 de la Mairie de Briantes: Adresse: 4 place Jean Moulin, 36 400 Briantes TEL : 02 54 48 09 06 E-mail: mairie.de.briantes@wanadoo.fr R\u00e9daction: Johanna Camp [&hellip;]\" \/>\n<meta property=\"og:url\" content=\"https:\/\/www.briantes.fr\/index.php\/mentions-legales\/\" \/>\n<meta property=\"og:site_name\" content=\"Ville de Briantes\" \/>\n<meta property=\"article:publisher\" content=\"https:\/\/www.facebook.com\/villebriantes\/\" \/>\n<meta name=\"twitter:card\" content=\"summary_large_image\" \/>\n<meta name=\"twitter:label1\" content=\"Dur\u00e9e de lecture estim\u00e9e\" \/>\n\t<meta name=\"twitter:data1\" content=\"1 minute\" \/>\n<script type=\"application\/ld+json\" class=\"yoast-schema-graph\">{\"@context\":\"https:\/\/schema.org\",\"@graph\":[{\"@type\":\"WebPage\",\"@id\":\"https:\/\/www.briantes.fr\/index.php\/mentions-legales\/\",\"url\":\"https:\/\/www.briantes.fr\/index.php\/mentions-legales\/\",\"name\":\"Mentions l\u00e9gales - Ville de Briantes\",\"isPartOf\":{\"@id\":\"https:\/\/www.briantes.fr\/#website\"},\"datePublished\":\"2018-05-07T17:48:11+00:00\",\"dateModified\":\"2018-05-07T17:48:11+00:00\",\"breadcrumb\":{\"@id\":\"https:\/\/www.briantes.fr\/index.php\/mentions-legales\/#breadcrumb\"},\"inLanguage\":\"fr-FR\",\"potentialAction\":[{\"@type\":\"ReadAction\",\"target\":[\"https:\/\/www.briantes.fr\/index.php\/mentions-legales\/\"]}]},{\"@type\":\"BreadcrumbList\",\"@id\":\"https:\/\/www.briantes.fr\/index.php\/mentions-legales\/#breadcrumb\",\"itemListElement\":[{\"@type\":\"ListItem\",\"position\":1,\"name\":\"Accueil\",\"item\":\"https:\/\/www.briantes.fr\/\"},{\"@type\":\"ListItem\",\"position\":2,\"name\":\"Mentions l\u00e9gales\"}]},{\"@type\":\"WebSite\",\"@id\":\"https:\/\/www.briantes.fr\/#website\",\"url\":\"https:\/\/www.briantes.fr\/\",\"name\":\"Ville de Briantes\",\"description\":\"Site officiel\",\"publisher\":{\"@id\":\"https:\/\/www.briantes.fr\/#organization\"},\"potentialAction\":[{\"@type\":\"SearchAction\",\"target\":{\"@type\":\"EntryPoint\",\"urlTemplate\":\"https:\/\/www.briantes.fr\/?s={search_term_string}\"},\"query-input\":\"required name=search_term_string\"}],\"inLanguage\":\"fr-FR\"},{\"@type\":\"Organization\",\"@id\":\"https:\/\/www.briantes.fr\/#organization\",\"name\":\"Mairie de Briantes\",\"url\":\"https:\/\/www.briantes.fr\/\",\"logo\":{\"@type\":\"ImageObject\",\"inLanguage\":\"fr-FR\",\"@id\":\"https:\/\/www.briantes.fr\/#\/schema\/logo\/image\/\",\"url\":\"https:\/\/i0.wp.com\/www.briantes.fr\/wp-content\/uploads\/2019\/01\/Logo-briantes-mini-sd.jpg?fit=200%2C48&ssl=1\",\"contentUrl\":\"https:\/\/i0.wp.com\/www.briantes.fr\/wp-content\/uploads\/2019\/01\/Logo-briantes-mini-sd.jpg?fit=200%2C48&ssl=1\",\"width\":200,\"height\":48,\"caption\":\"Mairie de Briantes\"},\"image\":{\"@id\":\"https:\/\/www.briantes.fr\/#\/schema\/logo\/image\/\"},\"sameAs\":[\"https:\/\/www.facebook.com\/villebriantes\/\"]}]}<\/script>\n<!-- \/ Yoast SEO plugin. -->","yoast_head_json":{"title":"Mentions l\u00e9gales - Ville de Briantes","robots":{"index":"index","follow":"follow","max-snippet":"max-snippet:-1","max-image-preview":"max-image-preview:large","max-video-preview":"max-video-preview:-1"},"canonical":"https:\/\/www.briantes.fr\/index.php\/mentions-legales\/","og_locale":"fr_FR","og_type":"article","og_title":"Mentions l\u00e9gales - Ville de Briantes","og_description":"Ce site est la propri\u00e9t\u00e9 de la Mairie de Briantes: Adresse: 4 place Jean Moulin, 36 400 Briantes TEL : 02 54 48 09 06 E-mail: mairie.de.briantes@wanadoo.fr R\u00e9daction: Johanna Camp [&hellip;]","og_url":"https:\/\/www.briantes.fr\/index.php\/mentions-legales\/","og_site_name":"Ville de Briantes","article_publisher":"https:\/\/www.facebook.com\/villebriantes\/","twitter_card":"summary_large_image","twitter_misc":{"Dur\u00e9e de lecture estim\u00e9e":"1 minute"},"schema":{"@context":"https:\/\/schema.org","@graph":[{"@type":"WebPage","@id":"https:\/\/www.briantes.fr\/index.php\/mentions-legales\/","url":"https:\/\/www.briantes.fr\/index.php\/mentions-legales\/","name":"Mentions l\u00e9gales - Ville de Briantes","isPartOf":{"@id":"https:\/\/www.briantes.fr\/#website"},"datePublished":"2018-05-07T17:48:11+00:00","dateModified":"2018-05-07T17:48:11+00:00","breadcrumb":{"@id":"https:\/\/www.briantes.fr\/index.php\/mentions-legales\/#breadcrumb"},"inLanguage":"fr-FR","potentialAction":[{"@type":"ReadAction","target":["https:\/\/www.briantes.fr\/index.php\/mentions-legales\/"]}]},{"@type":"BreadcrumbList","@id":"https:\/\/www.briantes.fr\/index.php\/mentions-legales\/#breadcrumb","itemListElement":[{"@type":"ListItem","position":1,"name":"Accueil","item":"https:\/\/www.briantes.fr\/"},{"@type":"ListItem","position":2,"name":"Mentions l\u00e9gales"}]},{"@type":"WebSite","@id":"https:\/\/www.briantes.fr\/#website","url":"https:\/\/www.briantes.fr\/","name":"Ville de Briantes","description":"Site officiel","publisher":{"@id":"https:\/\/www.briantes.fr\/#organization"},"potentialAction":[{"@type":"SearchAction","target":{"@type":"EntryPoint","urlTemplate":"https:\/\/www.briantes.fr\/?s={search_term_string}"},"query-input":"required name=search_term_string"}],"inLanguage":"fr-FR"},{"@type":"Organization","@id":"https:\/\/www.briantes.fr\/#organization","name":"Mairie de Briantes","url":"https:\/\/www.briantes.fr\/","logo":{"@type":"ImageObject","inLanguage":"fr-FR","@id":"https:\/\/www.briantes.fr\/#\/schema\/logo\/image\/","url":"https:\/\/i0.wp.com\/www.briantes.fr\/wp-content\/uploads\/2019\/01\/Logo-briantes-mini-sd.jpg?fit=200%2C48&ssl=1","contentUrl":"https:\/\/i0.wp.com\/www.briantes.fr\/wp-content\/uploads\/2019\/01\/Logo-briantes-mini-sd.jpg?fit=200%2C48&ssl=1","width":200,"height":48,"caption":"Mairie de Briantes"},"image":{"@id":"https:\/\/www.briantes.fr\/#\/schema\/logo\/image\/"},"sameAs":["https:\/\/www.facebook.com\/villebriantes\/"]}]}},"jetpack_sharing_enabled":true,"jetpack_shortlink":"https:\/\/wp.me\/P9GCCX-zn","jetpack_likes_enabled":true,"jetpack-related-posts":[{"id":430,"url":"https:\/\/www.briantes.fr\/index.php\/vivre-a-briantes\/","url_meta":{"origin":2193,"position":0},"title":"Vivre \u00e0 Briantes","author":"Admin","date":"22 mars 2018","format":false,"excerpt":"Vivre \u00e0 Briantes Au croisement des territoires de La Ch\u00e2tre et de Sainte-S\u00e9v\u00e8re-sur-Indre, la commune de Briantes offre de nombreuses installations pour les enfants, les familles et les s\u00e9niors en qu\u00eate d'un cadre de vie paisible, naturel et convivial. Cet accueil chaleureux permet \u00e9galement \u00e0 nombre de visiteurs, touristes et\u2026","rel":"","context":"Article similaire","block_context":{"text":"Article similaire","link":""},"img":{"alt_text":"","src":"","width":0,"height":0},"classes":[]},{"id":69,"url":"https:\/\/www.briantes.fr\/index.php\/mairie-de-briantes\/","url_meta":{"origin":2193,"position":1},"title":"Mairie de Briantes","author":"Admin","date":"23 f\u00e9vrier 2018","format":false,"excerpt":"Acc\u00e8s et horaires L'\u00e9quipe municipale Les services de la mairie Accueil en mairie Informations pratiques, touristiques, et vie de la commune: pour tout savoir sur la ville de Briantes, vous pouvez vous rendre directement en Mairie.Horaires: Lundi, mardi, jeudi: \u00a08H30-12h30 et 13h30-17H30Mercredi : 9h - 12h30 vendredi 8h30-12h30 13h30-17hAdresse: 4\u2026","rel":"","context":"Article similaire","block_context":{"text":"Article similaire","link":""},"img":{"alt_text":"","src":"https:\/\/i0.wp.com\/www.briantes.fr\/wp-content\/uploads\/2021\/03\/listeBriantes4-2.jpg?resize=350%2C200","width":350,"height":200,"srcset":"https:\/\/i0.wp.com\/www.briantes.fr\/wp-content\/uploads\/2021\/03\/listeBriantes4-2.jpg?resize=350%2C200 1x, https:\/\/i0.wp.com\/www.briantes.fr\/wp-content\/uploads\/2021\/03\/listeBriantes4-2.jpg?resize=525%2C300 1.5x, https:\/\/i0.wp.com\/www.briantes.fr\/wp-content\/uploads\/2021\/03\/listeBriantes4-2.jpg?resize=700%2C400 2x"},"classes":[]},{"id":111,"url":"https:\/\/www.briantes.fr\/index.php\/vos-demarches\/","url_meta":{"origin":2193,"position":2},"title":"Vos d\u00e9marches","author":"Admin","date":"23 f\u00e9vrier 2018","format":false,"excerpt":"Vos D\u00e9marches Afin de faciliter votre acc\u00e8s aux d\u00e9marches administratives en ligne, vous trouverez ici l'ensemble des liens vers les services publics et informations de la commune et de ses environs. Pour plus d'informations, vous pouvez compl\u00e9ter notre formulaire de contact ou vous adresser directement en mairie. Les informations fournies\u2026","rel":"","context":"Article similaire","block_context":{"text":"Article similaire","link":""},"img":{"alt_text":"","src":"","width":0,"height":0},"classes":[]},{"id":91,"url":"https:\/\/www.briantes.fr\/index.php\/entreprises-commerces-et-services-2\/","url_meta":{"origin":2193,"position":3},"title":"Entreprises, Commerces et Services","author":"Admin","date":"23 f\u00e9vrier 2018","format":false,"excerpt":"La Ville de Briantes met \u00e0 votre disposition des informations pratiques pour faciliter vos achats dans les commerces de proximit\u00e9 et ainsi soutenir nos entreprises locales, sur l'ensemble de la Communaut\u00e9 de Communes La Ch\u00e2tre Sainte S\u00e9v\u00e8re.Les informations ci-dessous sont susceptibles d'\u00eatre mises \u00e0 jour avec toute demande de mise\u2026","rel":"","context":"Article similaire","block_context":{"text":"Article similaire","link":""},"img":{"alt_text":"","src":"https:\/\/i0.wp.com\/www.briantes.fr\/wp-content\/uploads\/2020\/11\/Briantes-2.jpg?resize=350%2C200","width":350,"height":200,"srcset":"https:\/\/i0.wp.com\/www.briantes.fr\/wp-content\/uploads\/2020\/11\/Briantes-2.jpg?resize=350%2C200 1x, https:\/\/i0.wp.com\/www.briantes.fr\/wp-content\/uploads\/2020\/11\/Briantes-2.jpg?resize=525%2C300 1.5x, https:\/\/i0.wp.com\/www.briantes.fr\/wp-content\/uploads\/2020\/11\/Briantes-2.jpg?resize=700%2C400 2x"},"classes":[]},{"id":2,"url":"https:\/\/www.briantes.fr\/","url_meta":{"origin":2193,"position":4},"title":"Authentique et moderne","author":"Admin","date":"22 f\u00e9vrier 2018","format":false,"excerpt":"Bienvenue \u00e0 Briantes, commune du d\u00e9partement de l'Indre, en plein Sud Berry.\u200b Mairie de Briantes:4 place Jean Moulin 36400 BriantesHoraires: Lundi, mardi, jeudi: \u00a08H30-12h30 et 13h30-17H30Mercredi : 9h - 12h30 vendredi 8h30-12h30 13h30-17h\u00a002 54 48 09 06 There is no Event Bulletin municipal 2025 T\u00e9lecharger le bulletin Calendrier 2025 des\u2026","rel":"","context":"Article similaire","block_context":{"text":"Article similaire","link":""},"img":{"alt_text":"","src":"https:\/\/i0.wp.com\/www.briantes.fr\/wp-content\/uploads\/2025\/02\/bulletin-briantes-janvier-2025V5LR_Page_01-725x1024.jpg?resize=350%2C200","width":350,"height":200,"srcset":"https:\/\/i0.wp.com\/www.briantes.fr\/wp-content\/uploads\/2025\/02\/bulletin-briantes-janvier-2025V5LR_Page_01-725x1024.jpg?resize=350%2C200 1x, https:\/\/i0.wp.com\/www.briantes.fr\/wp-content\/uploads\/2025\/02\/bulletin-briantes-janvier-2025V5LR_Page_01-725x1024.jpg?resize=525%2C300 1.5x, https:\/\/i0.wp.com\/www.briantes.fr\/wp-content\/uploads\/2025\/02\/bulletin-briantes-janvier-2025V5LR_Page_01-725x1024.jpg?resize=700%2C400 2x"},"classes":[]},{"id":100,"url":"https:\/\/www.briantes.fr\/index.php\/environnement\/","url_meta":{"origin":2193,"position":5},"title":"Environnement","author":"Admin","date":"23 f\u00e9vrier 2018","format":false,"excerpt":"Prairies arbor\u00e9es et chemins de randonn\u00e9es, la nature a une place importante \u00e0 Briantes. Retrouvez ici toutes les informations utiles pour participer \u00e0 la protection de l'environnement, notamment pour le recyclage et la collecte de d\u00e9chets.\u00a0 L'agriculture \u00e0 Briantes Actualit\u00e9s climat, d\u00e9chets et environnement A d\u00e9couvrir Informations pratiques Une nature\u2026","rel":"","context":"Article similaire","block_context":{"text":"Article similaire","link":""},"img":{"alt_text":"","src":"","width":0,"height":0},"classes":[]}],"_links":{"self":[{"href":"https:\/\/www.briantes.fr\/index.php\/wp-json\/wp\/v2\/pages\/2193"}],"collection":[{"href":"https:\/\/www.briantes.fr\/index.php\/wp-json\/wp\/v2\/pages"}],"about":[{"href":"https:\/\/www.briantes.fr\/index.php\/wp-json\/wp\/v2\/types\/page"}],"author":[{"embeddable":true,"href":"https:\/\/www.briantes.fr\/index.php\/wp-json\/wp\/v2\/users\/1"}],"replies":[{"embeddable":true,"href":"https:\/\/www.briantes.fr\/index.php\/wp-json\/wp\/v2\/comments?post=2193"}],"version-history":[{"count":0,"href":"https:\/\/www.briantes.fr\/index.php\/wp-json\/wp\/v2\/pages\/2193\/revisions"}],"wp:attachment":[{"href":"https:\/\/www.briantes.fr\/index.php\/wp-json\/wp\/v2\/media?parent=2193"}],"curies":[{"name":"wp","href":"https:\/\/api.w.org\/{rel}","templated":true}]}}