{"id":2197,"date":"2018-05-09T15:57:44","date_gmt":"2018-05-09T13:57:44","guid":{"rendered":"http:\/\/www.briantes.fr\/?page_id=2197"},"modified":"2025-02-18T09:07:28","modified_gmt":"2025-02-18T08:07:28","slug":"briantes-a-360","status":"publish","type":"page","link":"https:\/\/www.briantes.fr\/index.php\/briantes-a-360\/","title":{"rendered":"Briantes \u00e0 360\u00b0"},"content":{"rendered":"\t\t<div data-elementor-type=\"wp-page\" data-elementor-id=\"2197\" class=\"elementor elementor-2197\" data-elementor-post-type=\"page\">\n\t\t\t\t\t\t<section class=\"elementor-section elementor-top-section elementor-element elementor-element-13c87b18 elementor-section-boxed elementor-section-height-default elementor-section-height-default\" data-id=\"13c87b18\" data-element_type=\"section\" data-settings=\"{&quot;background_background&quot;:&quot;classic&quot;}\">\n\t\t\t\t\t\t<div class=\"elementor-container elementor-column-gap-default\">\n\t\t\t\t\t<div class=\"elementor-column elementor-col-100 elementor-top-column elementor-element elementor-element-54fd0eca\" data-id=\"54fd0eca\" data-element_type=\"column\" data-settings=\"{&quot;background_background&quot;:&quot;classic&quot;}\">\n\t\t\t<div class=\"elementor-widget-wrap elementor-element-populated\">\n\t\t\t\t\t\t<div class=\"elementor-element elementor-element-fa9c2fd elementor-widget elementor-widget-spacer\" data-id=\"fa9c2fd\" data-element_type=\"widget\" data-widget_type=\"spacer.default\">\n\t\t\t\t<div class=\"elementor-widget-container\">\n\t\t\t\t\t<div class=\"elementor-spacer\">\n\t\t\t<div class=\"elementor-spacer-inner\"><\/div>\n\t\t<\/div>\n\t\t\t\t<\/div>\n\t\t\t\t<\/div>\n\t\t\t\t<div class=\"elementor-element elementor-element-3dcd2d19 elementor-widget elementor-widget-heading\" data-id=\"3dcd2d19\" data-element_type=\"widget\" data-widget_type=\"heading.default\">\n\t\t\t\t<div class=\"elementor-widget-container\">\n\t\t\t<h2 class=\"elementor-heading-title elementor-size-default\">Briantes \u00e0 360\u00b0<\/h2>\t\t<\/div>\n\t\t\t\t<\/div>\n\t\t\t\t<div class=\"elementor-element elementor-element-4b308e0a elementor-widget elementor-widget-spacer\" data-id=\"4b308e0a\" data-element_type=\"widget\" data-widget_type=\"spacer.default\">\n\t\t\t\t<div class=\"elementor-widget-container\">\n\t\t\t\t\t<div class=\"elementor-spacer\">\n\t\t\t<div class=\"elementor-spacer-inner\"><\/div>\n\t\t<\/div>\n\t\t\t\t<\/div>\n\t\t\t\t<\/div>\n\t\t\t\t\t<\/div>\n\t\t<\/div>\n\t\t\t\t\t<\/div>\n\t\t<\/section>\n\t\t\t\t<section class=\"elementor-section elementor-top-section elementor-element elementor-element-d17d785 elementor-section-boxed elementor-section-height-default elementor-section-height-default\" data-id=\"d17d785\" data-element_type=\"section\">\n\t\t\t\t\t\t<div class=\"elementor-container elementor-column-gap-default\">\n\t\t\t\t\t<div class=\"elementor-column elementor-col-100 elementor-top-column elementor-element elementor-element-90cb284\" data-id=\"90cb284\" data-element_type=\"column\">\n\t\t\t<div class=\"elementor-widget-wrap elementor-element-populated\">\n\t\t\t\t\t\t<div class=\"elementor-element elementor-element-01eaf8a elementor-widget elementor-widget-heading\" data-id=\"01eaf8a\" data-element_type=\"widget\" data-widget_type=\"heading.default\">\n\t\t\t\t<div class=\"elementor-widget-container\">\n\t\t\t<h2 class=\"elementor-heading-title elementor-size-default\">Vaudouan<\/h2>\t\t<\/div>\n\t\t\t\t<\/div>\n\t\t\t\t\t<\/div>\n\t\t<\/div>\n\t\t\t\t\t<\/div>\n\t\t<\/section>\n\t\t\t\t<section class=\"elementor-section elementor-top-section elementor-element elementor-element-05a1586 elementor-section-boxed elementor-section-height-default elementor-section-height-default\" data-id=\"05a1586\" data-element_type=\"section\">\n\t\t\t\t\t\t<div class=\"elementor-container elementor-column-gap-default\">\n\t\t\t\t\t<div class=\"elementor-column elementor-col-100 elementor-top-column elementor-element elementor-element-5a4936d\" data-id=\"5a4936d\" data-element_type=\"column\">\n\t\t\t<div class=\"elementor-widget-wrap elementor-element-populated\">\n\t\t\t\t\t\t<div class=\"elementor-element elementor-element-3a0983c elementor-widget elementor-widget-shortcode\" data-id=\"3a0983c\" data-element_type=\"widget\" data-widget_type=\"shortcode.default\">\n\t\t\t\t<div class=\"elementor-widget-container\">\n\t\t\t\t\t<div class=\"elementor-shortcode\">\n    <iframe width=\"640\" height=\"500\" scrolling=\"no\" allowfullscreen src=\"https:\/\/www.briantes.fr\/wp-content\/plugins\/wp-vr-view\/asset\/index.html?image=https:\/\/www.briantes.fr\/wp-content\/uploads\/2018\/05\/Vaudouan.jpg&is_stereo=false\"><\/iframe>\n\n  <\/div>\n\t\t\t\t<\/div>\n\t\t\t\t<\/div>\n\t\t\t\t<div class=\"elementor-element elementor-element-e4c216c elementor-widget elementor-widget-shortcode\" data-id=\"e4c216c\" data-element_type=\"widget\" data-widget_type=\"shortcode.default\">\n\t\t\t\t<div class=\"elementor-widget-container\">\n\t\t\t\t\t<div class=\"elementor-shortcode\">\n    <iframe width=\"640\" height=\"500\" scrolling=\"no\" allowfullscreen src=\"https:\/\/www.briantes.fr\/wp-content\/plugins\/wp-vr-view\/asset\/index.html?image=https:\/\/www.briantes.fr\/wp-content\/uploads\/2018\/05\/vaudouaninside.jpg&is_stereo=false\"><\/iframe>\n\n  <\/div>\n\t\t\t\t<\/div>\n\t\t\t\t<\/div>\n\t\t\t\t<div class=\"elementor-element elementor-element-a757f77 elementor-widget elementor-widget-video\" data-id=\"a757f77\" data-element_type=\"widget\" data-settings=\"{&quot;youtube_url&quot;:&quot;https:\\\/\\\/www.youtube.com\\\/watch?v=XHOmBV4js_E&quot;,&quot;video_type&quot;:&quot;youtube&quot;,&quot;controls&quot;:&quot;yes&quot;}\" data-widget_type=\"video.default\">\n\t\t\t\t<div class=\"elementor-widget-container\">\n\t\t\t\t\t<div class=\"elementor-wrapper elementor-open-inline\">\n\t\t\t<div class=\"elementor-video\"><\/div>\t\t<\/div>\n\t\t\t\t<\/div>\n\t\t\t\t<\/div>\n\t\t\t\t<div class=\"elementor-element elementor-element-1c3576f elementor-widget elementor-widget-google_maps\" data-id=\"1c3576f\" data-element_type=\"widget\" data-widget_type=\"google_maps.default\">\n\t\t\t\t<div class=\"elementor-widget-container\">\n\t\t\t\t\t<div class=\"elementor-custom-embed\">\n\t\t\t<iframe loading=\"lazy\"\n\t\t\t\t\tsrc=\"https:\/\/maps.google.com\/maps?q=%20vaudouan&#038;t=m&#038;z=17&#038;output=embed&#038;iwloc=near\"\n\t\t\t\t\ttitle=\" vaudouan\"\n\t\t\t\t\taria-label=\" vaudouan\"\n\t\t\t><\/iframe>\n\t\t<\/div>\n\t\t\t\t<\/div>\n\t\t\t\t<\/div>\n\t\t\t\t\t<\/div>\n\t\t<\/div>\n\t\t\t\t\t<\/div>\n\t\t<\/section>\n\t\t\t\t<section class=\"elementor-section elementor-top-section elementor-element elementor-element-aa1931c elementor-section-boxed elementor-section-height-default elementor-section-height-default\" data-id=\"aa1931c\" data-element_type=\"section\">\n\t\t\t\t\t\t<div class=\"elementor-container elementor-column-gap-default\">\n\t\t\t\t\t<div class=\"elementor-column elementor-col-100 elementor-top-column elementor-element elementor-element-778b82a\" data-id=\"778b82a\" data-element_type=\"column\">\n\t\t\t<div class=\"elementor-widget-wrap elementor-element-populated\">\n\t\t\t\t\t\t<div class=\"elementor-element elementor-element-b57a117 elementor-widget elementor-widget-spacer\" data-id=\"b57a117\" data-element_type=\"widget\" data-widget_type=\"spacer.default\">\n\t\t\t\t<div class=\"elementor-widget-container\">\n\t\t\t\t\t<div class=\"elementor-spacer\">\n\t\t\t<div class=\"elementor-spacer-inner\"><\/div>\n\t\t<\/div>\n\t\t\t\t<\/div>\n\t\t\t\t<\/div>\n\t\t\t\t<div class=\"elementor-element elementor-element-a68ce12 elementor-widget elementor-widget-heading\" data-id=\"a68ce12\" data-element_type=\"widget\" data-widget_type=\"heading.default\">\n\t\t\t\t<div class=\"elementor-widget-container\">\n\t\t\t<h2 class=\"elementor-heading-title elementor-size-default\">Le square<\/h2>\t\t<\/div>\n\t\t\t\t<\/div>\n\t\t\t\t<div class=\"elementor-element elementor-element-f2185fd elementor-widget elementor-widget-shortcode\" data-id=\"f2185fd\" data-element_type=\"widget\" data-widget_type=\"shortcode.default\">\n\t\t\t\t<div class=\"elementor-widget-container\">\n\t\t\t\t\t<div class=\"elementor-shortcode\">\n    <iframe width=\"640\" height=\"360\" scrolling=\"no\" allowfullscreen src=\"https:\/\/www.briantes.fr\/wp-content\/plugins\/wp-vr-view\/asset\/index.html?image=https:\/\/www.briantes.fr\/wp-content\/uploads\/2018\/05\/parc.jpg&is_stereo=false\"><\/iframe>\n\n  <\/div>\n\t\t\t\t<\/div>\n\t\t\t\t<\/div>\n\t\t\t\t<div class=\"elementor-element elementor-element-89d89c1 elementor-widget elementor-widget-google_maps\" data-id=\"89d89c1\" data-element_type=\"widget\" data-widget_type=\"google_maps.default\">\n\t\t\t\t<div class=\"elementor-widget-container\">\n\t\t\t\t\t<div class=\"elementor-custom-embed\">\n\t\t\t<iframe loading=\"lazy\"\n\t\t\t\t\tsrc=\"https:\/\/maps.google.com\/maps?q=8%20Rue%20de%20la%20Fontaine%20R%C3%B4tie%20Briantes%2C%20Centre-Val%20de%20Loire&#038;t=m&#038;z=15&#038;output=embed&#038;iwloc=near\"\n\t\t\t\t\ttitle=\"8 Rue de la Fontaine R\u00f4tie Briantes, Centre-Val de Loire\"\n\t\t\t\t\taria-label=\"8 Rue de la Fontaine R\u00f4tie Briantes, Centre-Val de Loire\"\n\t\t\t><\/iframe>\n\t\t<\/div>\n\t\t\t\t<\/div>\n\t\t\t\t<\/div>\n\t\t\t\t\t<\/div>\n\t\t<\/div>\n\t\t\t\t\t<\/div>\n\t\t<\/section>\n\t\t\t\t<section class=\"elementor-section elementor-top-section elementor-element elementor-element-462ce99 elementor-section-boxed elementor-section-height-default elementor-section-height-default\" data-id=\"462ce99\" data-element_type=\"section\">\n\t\t\t\t\t\t<div class=\"elementor-container elementor-column-gap-default\">\n\t\t\t\t\t<div class=\"elementor-column elementor-col-100 elementor-top-column elementor-element elementor-element-dbf80c0\" data-id=\"dbf80c0\" data-element_type=\"column\">\n\t\t\t<div class=\"elementor-widget-wrap elementor-element-populated\">\n\t\t\t\t\t\t<div class=\"elementor-element elementor-element-f7cbe42 elementor-widget elementor-widget-spacer\" data-id=\"f7cbe42\" data-element_type=\"widget\" data-widget_type=\"spacer.default\">\n\t\t\t\t<div class=\"elementor-widget-container\">\n\t\t\t\t\t<div class=\"elementor-spacer\">\n\t\t\t<div class=\"elementor-spacer-inner\"><\/div>\n\t\t<\/div>\n\t\t\t\t<\/div>\n\t\t\t\t<\/div>\n\t\t\t\t<div class=\"elementor-element elementor-element-2fb1e04 elementor-widget elementor-widget-heading\" data-id=\"2fb1e04\" data-element_type=\"widget\" data-widget_type=\"heading.default\">\n\t\t\t\t<div class=\"elementor-widget-container\">\n\t\t\t<h2 class=\"elementor-heading-title elementor-size-default\">l'\u00e9glise de Briantes<\/h2>\t\t<\/div>\n\t\t\t\t<\/div>\n\t\t\t\t<div class=\"elementor-element elementor-element-0cdd4c4 elementor-widget elementor-widget-shortcode\" data-id=\"0cdd4c4\" data-element_type=\"widget\" data-widget_type=\"shortcode.default\">\n\t\t\t\t<div class=\"elementor-widget-container\">\n\t\t\t\t\t<div class=\"elementor-shortcode\">\n    <iframe width=\"640\" height=\"500\" scrolling=\"no\" allowfullscreen src=\"https:\/\/www.briantes.fr\/wp-content\/plugins\/wp-vr-view\/asset\/index.html?image=https:\/\/www.briantes.fr\/wp-content\/uploads\/2018\/05\/eglise.jpg&is_stereo=false\"><\/iframe>\n\n  <\/div>\n\t\t\t\t<\/div>\n\t\t\t\t<\/div>\n\t\t\t\t<div class=\"elementor-element elementor-element-f5d0f49 elementor-widget elementor-widget-google_maps\" data-id=\"f5d0f49\" data-element_type=\"widget\" data-widget_type=\"google_maps.default\">\n\t\t\t\t<div class=\"elementor-widget-container\">\n\t\t\t\t\t<div class=\"elementor-custom-embed\">\n\t\t\t<iframe loading=\"lazy\"\n\t\t\t\t\tsrc=\"https:\/\/maps.google.com\/maps?q=eglise%20saint%20aignan%20briantes&#038;t=m&#038;z=17&#038;output=embed&#038;iwloc=near\"\n\t\t\t\t\ttitle=\"eglise saint aignan briantes\"\n\t\t\t\t\taria-label=\"eglise saint aignan briantes\"\n\t\t\t><\/iframe>\n\t\t<\/div>\n\t\t\t\t<\/div>\n\t\t\t\t<\/div>\n\t\t\t\t\t<\/div>\n\t\t<\/div>\n\t\t\t\t\t<\/div>\n\t\t<\/section>\n\t\t\t\t<section class=\"elementor-section elementor-top-section elementor-element elementor-element-6d787e1 elementor-section-boxed elementor-section-height-default elementor-section-height-default\" data-id=\"6d787e1\" data-element_type=\"section\">\n\t\t\t\t\t\t<div class=\"elementor-container elementor-column-gap-default\">\n\t\t\t\t\t<div class=\"elementor-column elementor-col-100 elementor-top-column elementor-element elementor-element-502750f\" data-id=\"502750f\" data-element_type=\"column\">\n\t\t\t<div class=\"elementor-widget-wrap elementor-element-populated\">\n\t\t\t\t\t\t<div class=\"elementor-element elementor-element-bd29445 elementor-widget elementor-widget-spacer\" data-id=\"bd29445\" data-element_type=\"widget\" data-widget_type=\"spacer.default\">\n\t\t\t\t<div class=\"elementor-widget-container\">\n\t\t\t\t\t<div class=\"elementor-spacer\">\n\t\t\t<div class=\"elementor-spacer-inner\"><\/div>\n\t\t<\/div>\n\t\t\t\t<\/div>\n\t\t\t\t<\/div>\n\t\t\t\t<div class=\"elementor-element elementor-element-f2f1860 elementor-widget elementor-widget-heading\" data-id=\"f2f1860\" data-element_type=\"widget\" data-widget_type=\"heading.default\">\n\t\t\t\t<div class=\"elementor-widget-container\">\n\t\t\t<h2 class=\"elementor-heading-title elementor-size-default\">Chemin de l'ancienne voie ferr\u00e9e<\/h2>\t\t<\/div>\n\t\t\t\t<\/div>\n\t\t\t\t<div class=\"elementor-element elementor-element-fc4c344 elementor-widget elementor-widget-shortcode\" data-id=\"fc4c344\" data-element_type=\"widget\" data-widget_type=\"shortcode.default\">\n\t\t\t\t<div class=\"elementor-widget-container\">\n\t\t\t\t\t<div class=\"elementor-shortcode\">\n    <iframe width=\"640\" height=\"500\" scrolling=\"no\" allowfullscreen src=\"https:\/\/www.briantes.fr\/wp-content\/plugins\/wp-vr-view\/asset\/index.html?image=https:\/\/www.briantes.fr\/wp-content\/uploads\/2018\/05\/pontBriante.jpg&is_stereo=false\"><\/iframe>\n\n  <\/div>\n\t\t\t\t<\/div>\n\t\t\t\t<\/div>\n\t\t\t\t<div class=\"elementor-element elementor-element-e320c11 elementor-widget elementor-widget-google_maps\" data-id=\"e320c11\" data-element_type=\"widget\" data-widget_type=\"google_maps.default\">\n\t\t\t\t<div class=\"elementor-widget-container\">\n\t\t\t\t\t<div class=\"elementor-custom-embed\">\n\t\t\t<iframe loading=\"lazy\"\n\t\t\t\t\tsrc=\"https:\/\/maps.google.com\/maps?q=46.560268%2C%202.017796&#038;t=m&#038;z=15&#038;output=embed&#038;iwloc=near\"\n\t\t\t\t\ttitle=\"46.560268, 2.017796\"\n\t\t\t\t\taria-label=\"46.560268, 2.017796\"\n\t\t\t><\/iframe>\n\t\t<\/div>\n\t\t\t\t<\/div>\n\t\t\t\t<\/div>\n\t\t\t\t\t<\/div>\n\t\t<\/div>\n\t\t\t\t\t<\/div>\n\t\t<\/section>\n\t\t\t\t<\/div>\n\t\t","protected":false},"excerpt":{"rendered":"<p>Briantes \u00e0 360\u00b0 Vaudouan Le square l&rsquo;\u00e9glise de Briantes Chemin de l&rsquo;ancienne voie ferr\u00e9e<\/p>\n","protected":false},"author":1,"featured_media":0,"parent":0,"menu_order":0,"comment_status":"closed","ping_status":"closed","template":"template-page-builder.php","meta":{"_mi_skip_tracking":false,"_exactmetrics_sitenote_active":false,"_exactmetrics_sitenote_note":"","_exactmetrics_sitenote_category":0,"jetpack_post_was_ever_published":false,"footnotes":""},"yoast_head":"<!-- This site is optimized with the Yoast SEO plugin v21.6 - https:\/\/yoast.com\/wordpress\/plugins\/seo\/ -->\n<title>Briantes \u00e0 360\u00b0 - Ville de Briantes<\/title>\n<meta name=\"robots\" content=\"index, follow, max-snippet:-1, max-image-preview:large, max-video-preview:-1\" \/>\n<link rel=\"canonical\" href=\"https:\/\/www.briantes.fr\/index.php\/briantes-a-360\/\" \/>\n<meta property=\"og:locale\" content=\"fr_FR\" \/>\n<meta property=\"og:type\" content=\"article\" \/>\n<meta property=\"og:title\" content=\"Briantes \u00e0 360\u00b0 - Ville de Briantes\" \/>\n<meta property=\"og:description\" content=\"Briantes \u00e0 360\u00b0 Vaudouan Le square l&rsquo;\u00e9glise de Briantes Chemin de l&rsquo;ancienne voie ferr\u00e9e\" \/>\n<meta property=\"og:url\" content=\"https:\/\/www.briantes.fr\/index.php\/briantes-a-360\/\" \/>\n<meta property=\"og:site_name\" content=\"Ville de Briantes\" \/>\n<meta property=\"article:publisher\" content=\"https:\/\/www.facebook.com\/villebriantes\/\" \/>\n<meta property=\"article:modified_time\" content=\"2025-02-18T08:07:28+00:00\" \/>\n<meta name=\"twitter:card\" content=\"summary_large_image\" \/>\n<meta name=\"twitter:label1\" content=\"Dur\u00e9e de lecture estim\u00e9e\" \/>\n\t<meta name=\"twitter:data1\" content=\"1 minute\" \/>\n<script type=\"application\/ld+json\" class=\"yoast-schema-graph\">{\"@context\":\"https:\/\/schema.org\",\"@graph\":[{\"@type\":\"WebPage\",\"@id\":\"https:\/\/www.briantes.fr\/index.php\/briantes-a-360\/\",\"url\":\"https:\/\/www.briantes.fr\/index.php\/briantes-a-360\/\",\"name\":\"Briantes \u00e0 360\u00b0 - Ville de Briantes\",\"isPartOf\":{\"@id\":\"https:\/\/www.briantes.fr\/#website\"},\"datePublished\":\"2018-05-09T13:57:44+00:00\",\"dateModified\":\"2025-02-18T08:07:28+00:00\",\"breadcrumb\":{\"@id\":\"https:\/\/www.briantes.fr\/index.php\/briantes-a-360\/#breadcrumb\"},\"inLanguage\":\"fr-FR\",\"potentialAction\":[{\"@type\":\"ReadAction\",\"target\":[\"https:\/\/www.briantes.fr\/index.php\/briantes-a-360\/\"]}]},{\"@type\":\"BreadcrumbList\",\"@id\":\"https:\/\/www.briantes.fr\/index.php\/briantes-a-360\/#breadcrumb\",\"itemListElement\":[{\"@type\":\"ListItem\",\"position\":1,\"name\":\"Accueil\",\"item\":\"https:\/\/www.briantes.fr\/\"},{\"@type\":\"ListItem\",\"position\":2,\"name\":\"Briantes \u00e0 360\u00b0\"}]},{\"@type\":\"WebSite\",\"@id\":\"https:\/\/www.briantes.fr\/#website\",\"url\":\"https:\/\/www.briantes.fr\/\",\"name\":\"Ville de Briantes\",\"description\":\"Site officiel\",\"publisher\":{\"@id\":\"https:\/\/www.briantes.fr\/#organization\"},\"potentialAction\":[{\"@type\":\"SearchAction\",\"target\":{\"@type\":\"EntryPoint\",\"urlTemplate\":\"https:\/\/www.briantes.fr\/?s={search_term_string}\"},\"query-input\":\"required name=search_term_string\"}],\"inLanguage\":\"fr-FR\"},{\"@type\":\"Organization\",\"@id\":\"https:\/\/www.briantes.fr\/#organization\",\"name\":\"Mairie de Briantes\",\"url\":\"https:\/\/www.briantes.fr\/\",\"logo\":{\"@type\":\"ImageObject\",\"inLanguage\":\"fr-FR\",\"@id\":\"https:\/\/www.briantes.fr\/#\/schema\/logo\/image\/\",\"url\":\"https:\/\/i0.wp.com\/www.briantes.fr\/wp-content\/uploads\/2019\/01\/Logo-briantes-mini-sd.jpg?fit=200%2C48&ssl=1\",\"contentUrl\":\"https:\/\/i0.wp.com\/www.briantes.fr\/wp-content\/uploads\/2019\/01\/Logo-briantes-mini-sd.jpg?fit=200%2C48&ssl=1\",\"width\":200,\"height\":48,\"caption\":\"Mairie de Briantes\"},\"image\":{\"@id\":\"https:\/\/www.briantes.fr\/#\/schema\/logo\/image\/\"},\"sameAs\":[\"https:\/\/www.facebook.com\/villebriantes\/\"]}]}<\/script>\n<!-- \/ Yoast SEO plugin. -->","yoast_head_json":{"title":"Briantes \u00e0 360\u00b0 - Ville de Briantes","robots":{"index":"index","follow":"follow","max-snippet":"max-snippet:-1","max-image-preview":"max-image-preview:large","max-video-preview":"max-video-preview:-1"},"canonical":"https:\/\/www.briantes.fr\/index.php\/briantes-a-360\/","og_locale":"fr_FR","og_type":"article","og_title":"Briantes \u00e0 360\u00b0 - Ville de Briantes","og_description":"Briantes \u00e0 360\u00b0 Vaudouan Le square l&rsquo;\u00e9glise de Briantes Chemin de l&rsquo;ancienne voie ferr\u00e9e","og_url":"https:\/\/www.briantes.fr\/index.php\/briantes-a-360\/","og_site_name":"Ville de Briantes","article_publisher":"https:\/\/www.facebook.com\/villebriantes\/","article_modified_time":"2025-02-18T08:07:28+00:00","twitter_card":"summary_large_image","twitter_misc":{"Dur\u00e9e de lecture estim\u00e9e":"1 minute"},"schema":{"@context":"https:\/\/schema.org","@graph":[{"@type":"WebPage","@id":"https:\/\/www.briantes.fr\/index.php\/briantes-a-360\/","url":"https:\/\/www.briantes.fr\/index.php\/briantes-a-360\/","name":"Briantes \u00e0 360\u00b0 - Ville de Briantes","isPartOf":{"@id":"https:\/\/www.briantes.fr\/#website"},"datePublished":"2018-05-09T13:57:44+00:00","dateModified":"2025-02-18T08:07:28+00:00","breadcrumb":{"@id":"https:\/\/www.briantes.fr\/index.php\/briantes-a-360\/#breadcrumb"},"inLanguage":"fr-FR","potentialAction":[{"@type":"ReadAction","target":["https:\/\/www.briantes.fr\/index.php\/briantes-a-360\/"]}]},{"@type":"BreadcrumbList","@id":"https:\/\/www.briantes.fr\/index.php\/briantes-a-360\/#breadcrumb","itemListElement":[{"@type":"ListItem","position":1,"name":"Accueil","item":"https:\/\/www.briantes.fr\/"},{"@type":"ListItem","position":2,"name":"Briantes \u00e0 360\u00b0"}]},{"@type":"WebSite","@id":"https:\/\/www.briantes.fr\/#website","url":"https:\/\/www.briantes.fr\/","name":"Ville de Briantes","description":"Site officiel","publisher":{"@id":"https:\/\/www.briantes.fr\/#organization"},"potentialAction":[{"@type":"SearchAction","target":{"@type":"EntryPoint","urlTemplate":"https:\/\/www.briantes.fr\/?s={search_term_string}"},"query-input":"required name=search_term_string"}],"inLanguage":"fr-FR"},{"@type":"Organization","@id":"https:\/\/www.briantes.fr\/#organization","name":"Mairie de Briantes","url":"https:\/\/www.briantes.fr\/","logo":{"@type":"ImageObject","inLanguage":"fr-FR","@id":"https:\/\/www.briantes.fr\/#\/schema\/logo\/image\/","url":"https:\/\/i0.wp.com\/www.briantes.fr\/wp-content\/uploads\/2019\/01\/Logo-briantes-mini-sd.jpg?fit=200%2C48&ssl=1","contentUrl":"https:\/\/i0.wp.com\/www.briantes.fr\/wp-content\/uploads\/2019\/01\/Logo-briantes-mini-sd.jpg?fit=200%2C48&ssl=1","width":200,"height":48,"caption":"Mairie de Briantes"},"image":{"@id":"https:\/\/www.briantes.fr\/#\/schema\/logo\/image\/"},"sameAs":["https:\/\/www.facebook.com\/villebriantes\/"]}]}},"jetpack_sharing_enabled":true,"jetpack_shortlink":"https:\/\/wp.me\/P9GCCX-zr","jetpack_likes_enabled":true,"jetpack-related-posts":[{"id":116,"url":"https:\/\/www.briantes.fr\/index.php\/briantes-en-images\/","url_meta":{"origin":2197,"position":0},"title":"Briantes en images","author":"Admin","date":"23 f\u00e9vrier 2018","format":false,"excerpt":"Au coeur de la nature Explorez nos paysages et partez \u00e0 leur d\u00e9couverte gr\u00e2ce \u00e0 notre rubrique nature et environnement. Au coeur du village Tranquillit\u00e9, qualit\u00e9 de vie, ruelles au charme d'antan, promenez-vous dans notre village authentique. D\u00e9couvrez l'histoire et l'actualit\u00e9 de Briantes.\u00a0 Au coeur des \u00e9v\u00e8nements Au coeur de\u2026","rel":"","context":"Article similaire","block_context":{"text":"Article similaire","link":""},"img":{"alt_text":"","src":"","width":0,"height":0},"classes":[]},{"id":2187,"url":"https:\/\/www.briantes.fr\/index.php\/briantes-idees\/","url_meta":{"origin":2197,"position":1},"title":"Bulletin Municipal de Briantes","author":"Admin","date":"5 mai 2018","format":false,"excerpt":"","rel":"","context":"Article similaire","block_context":{"text":"Article similaire","link":""},"img":{"alt_text":"","src":"","width":0,"height":0},"classes":[]},{"id":509,"url":"https:\/\/www.briantes.fr\/index.php\/ca-se-passe-a-briantes\/","url_meta":{"origin":2197,"position":2},"title":"Ca se passe \u00e0 Briantes","author":"Admin","date":"22 mars 2018","format":false,"excerpt":"","rel":"","context":"Article similaire","block_context":{"text":"Article similaire","link":""},"img":{"alt_text":"","src":"","width":0,"height":0},"classes":[]},{"id":53,"url":"https:\/\/www.briantes.fr\/index.php\/actualites-de-la-ville-de-briantes\/","url_meta":{"origin":2197,"position":3},"title":"Actualit\u00e9s de Briantes","author":"Admin","date":"23 f\u00e9vrier 2018","format":false,"excerpt":"[wpspw_recent_post_slider]","rel":"","context":"Article similaire","block_context":{"text":"Article similaire","link":""},"img":{"alt_text":"","src":"","width":0,"height":0},"classes":[]},{"id":93,"url":"https:\/\/www.briantes.fr\/index.php\/services-et-activites-de-la-commune\/","url_meta":{"origin":2197,"position":4},"title":"Services et activit\u00e9s de la commune","author":"Admin","date":"23 f\u00e9vrier 2018","format":false,"excerpt":"Profitez du dynamisme de la r\u00e9gion dans un cadre de vie authentique Briantes en images 360\u00b0 Dans votre commune Vivre \u00e0 Briantes Enfants, familles, s\u00e9niors, visiteurs ou touristes, vous \u00eates tous les bienvenus dans notre village authentique et moderne.Retrouvez ici tous les services et activit\u00e9s qui vous sont propos\u00e9s dans\u2026","rel":"","context":"Article similaire","block_context":{"text":"Article similaire","link":""},"img":{"alt_text":"","src":"https:\/\/i0.wp.com\/www.briantes.fr\/wp-content\/uploads\/2018\/03\/bandeau3eglise-Briantes.jpg?resize=350%2C200","width":350,"height":200,"srcset":"https:\/\/i0.wp.com\/www.briantes.fr\/wp-content\/uploads\/2018\/03\/bandeau3eglise-Briantes.jpg?resize=350%2C200 1x, https:\/\/i0.wp.com\/www.briantes.fr\/wp-content\/uploads\/2018\/03\/bandeau3eglise-Briantes.jpg?resize=525%2C300 1.5x, https:\/\/i0.wp.com\/www.briantes.fr\/wp-content\/uploads\/2018\/03\/bandeau3eglise-Briantes.jpg?resize=700%2C400 2x, https:\/\/i0.wp.com\/www.briantes.fr\/wp-content\/uploads\/2018\/03\/bandeau3eglise-Briantes.jpg?resize=1050%2C600 3x, https:\/\/i0.wp.com\/www.briantes.fr\/wp-content\/uploads\/2018\/03\/bandeau3eglise-Briantes.jpg?resize=1400%2C800 4x"},"classes":[]},{"id":2517,"url":"https:\/\/www.briantes.fr\/index.php\/calendrier-ramassage-dechets\/","url_meta":{"origin":2197,"position":5},"title":"Calendrier ramassage d\u00e9chets","author":"Admin","date":"1 avril 2019","format":false,"excerpt":"","rel":"","context":"Article similaire","block_context":{"text":"Article similaire","link":""},"img":{"alt_text":"","src":"","width":0,"height":0},"classes":[]}],"_links":{"self":[{"href":"https:\/\/www.briantes.fr\/index.php\/wp-json\/wp\/v2\/pages\/2197"}],"collection":[{"href":"https:\/\/www.briantes.fr\/index.php\/wp-json\/wp\/v2\/pages"}],"about":[{"href":"https:\/\/www.briantes.fr\/index.php\/wp-json\/wp\/v2\/types\/page"}],"author":[{"embeddable":true,"href":"https:\/\/www.briantes.fr\/index.php\/wp-json\/wp\/v2\/users\/1"}],"replies":[{"embeddable":true,"href":"https:\/\/www.briantes.fr\/index.php\/wp-json\/wp\/v2\/comments?post=2197"}],"version-history":[{"count":3,"href":"https:\/\/www.briantes.fr\/index.php\/wp-json\/wp\/v2\/pages\/2197\/revisions"}],"predecessor-version":[{"id":3741,"href":"https:\/\/www.briantes.fr\/index.php\/wp-json\/wp\/v2\/pages\/2197\/revisions\/3741"}],"wp:attachment":[{"href":"https:\/\/www.briantes.fr\/index.php\/wp-json\/wp\/v2\/media?parent=2197"}],"curies":[{"name":"wp","href":"https:\/\/api.w.org\/{rel}","templated":true}]}}