{"id":2983,"date":"2020-10-01T10:43:23","date_gmt":"2020-10-01T08:43:23","guid":{"rendered":"https:\/\/www.briantes.fr\/?page_id=2983"},"modified":"2020-10-01T10:43:24","modified_gmt":"2020-10-01T08:43:24","slug":"formulaire-parution","status":"publish","type":"page","link":"https:\/\/www.briantes.fr\/index.php\/formulaire-parution\/","title":{"rendered":"Formulaire Parution"},"content":{"rendered":"\n<p><\/p>\n\n\n\n<p>Dans le cadre de la mise \u00e0 jour des informations sur le site internet de la commune, nous vous demandons de bien vouloir trouver ci-dessous un formulaire \u00e0 remplir et \u00e0 nous retourner pour nous donner votre accord pour la publication de vos informations.<\/p>\n\n\n\n<p>Si vous disposez d\u2019un visuel (logo, photo) que vous souhaitez mettre en avant, merci de nous l\u2019envoyer. A d\u00e9faut, une photo repr\u00e9sentative et libre de droits sera utilis\u00e9e pour illustrer votre activit\u00e9.<\/p>\n\n\n\n<p>Pour toute question, vous pouvez vous adresser \u00e0 :<\/p>\n\n\n\n<p>Mairie de Briantes : 02 54 48 09 06 &#8211; <a href=\"mailto:mairie.de.briantes@orange.fr\">mairie.de.briantes@orange.fr<\/a><\/p>\n\n\n\n<p>Editeur du site Internet : Johanna Camp &#8211; Big Berry &#8211; 06 61 38 47 69 &#8211; <a href=\"mailto:j.camp@bigberry.fr\">j.camp@bigberry.fr<\/a><br><\/p>\n\n\n<div class=\"wpforms-container wpforms-container-full wpforms-block\" id=\"wpforms-2982\"><form id=\"wpforms-form-2982\" class=\"wpforms-validate wpforms-form\" data-formid=\"2982\" method=\"post\" enctype=\"multipart\/form-data\" action=\"\/index.php\/wp-json\/wp\/v2\/pages\/2983\" data-token=\"99ddca4906d1be7ef4ce4b81183be151\"><noscript class=\"wpforms-error-noscript\">Veuillez activer JavaScript dans votre navigateur pour remplir ce formulaire.<\/noscript><div class=\"wpforms-field-container\"><div id=\"wpforms-2982-field_1-container\" class=\"wpforms-field wpforms-field-text\" data-field-id=\"1\"><label class=\"wpforms-field-label\" for=\"wpforms-2982-field_1\">Nom et Pr\u00e9nom<\/label><input type=\"text\" id=\"wpforms-2982-field_1\" class=\"wpforms-field-medium\" name=\"wpforms[fields][1]\" ><\/div><div id=\"wpforms-2982-field_2-container\" class=\"wpforms-field wpforms-field-text\" data-field-id=\"2\"><label class=\"wpforms-field-label\" for=\"wpforms-2982-field_2\">Adresse<\/label><input type=\"text\" id=\"wpforms-2982-field_2\" class=\"wpforms-field-medium\" name=\"wpforms[fields][2]\" ><\/div><div id=\"wpforms-2982-field_4-container\" class=\"wpforms-field wpforms-field-email\" data-field-id=\"4\"><label class=\"wpforms-field-label\" for=\"wpforms-2982-field_4\">E-mail <span class=\"wpforms-required-label\">*<\/span><\/label><input type=\"email\" id=\"wpforms-2982-field_4\" class=\"wpforms-field-medium wpforms-field-required\" name=\"wpforms[fields][4]\" spellcheck=\"false\" required><\/div><div id=\"wpforms-2982-field_5-container\" class=\"wpforms-field wpforms-field-select wpforms-field-select-style-classic\" data-field-id=\"5\"><label class=\"wpforms-field-label\" for=\"wpforms-2982-field_5\">Vous souhaitez faire para\u00eetre gratuitement votre activit\u00e9 sur le site de la ville de Briantes. Merci de nous indiquer la nature de cette activit\u00e9 (elle doit \u00eatre propos\u00e9e sur la ville de Briantes ou ses proches alentours, sous r\u00e9serve de validation)<\/label><select id=\"wpforms-2982-field_5\" class=\"wpforms-field-medium\" name=\"wpforms[fields][5]\"><option value=\"Association\" >Association<\/option><option value=\"Exploitation Agricole\" >Exploitation Agricole<\/option><option value=\"Entreprises et services (commerce, services, artisanat, mara\u00eechers...)\" >Entreprises et services (commerce, services, artisanat, mara\u00eechers&#8230;)<\/option><option value=\"Sant\u00e9 et Bien \u00catre \" >Sant\u00e9 et Bien \u00catre <\/option><option value=\"Autre\" >Autre<\/option><\/select><\/div><div id=\"wpforms-2982-field_6-container\" class=\"wpforms-field wpforms-field-textarea\" data-field-id=\"6\"><label class=\"wpforms-field-label\" for=\"wpforms-2982-field_6\">Merci de nous indiquer ci-dessous les informations li\u00e9es \u00e0 votre activit\u00e9 : horaires d&#039;ouverture, produits et services propos\u00e9s, contact et adresse, site internet et r\u00e9seaux sociaux (Facebook, Instagram etc&#8230;). Merci de faire parvenir vos \u00e9l\u00e9ments graphiques (logo, visuels etc&#8230;) \u00e0 l&#039;adresse suivante : j.camp@bigberry.fr. Un e-mail de confirmation vous sera envoy\u00e9 pour vos \u00e9ventuelles modifications. <span class=\"wpforms-required-label\">*<\/span><\/label><textarea id=\"wpforms-2982-field_6\" class=\"wpforms-field-medium wpforms-field-required\" name=\"wpforms[fields][6]\" required><\/textarea><\/div><div id=\"wpforms-2982-field_7-container\" class=\"wpforms-field wpforms-field-textarea\" data-field-id=\"7\"><label class=\"wpforms-field-label\" for=\"wpforms-2982-field_7\">Merci de nous indiquer vos \u00e9v\u00e8nements \u00e0 para\u00eetre sur le calendrier en ligne de la commune<\/label><textarea id=\"wpforms-2982-field_7\" class=\"wpforms-field-medium\" name=\"wpforms[fields][7]\" ><\/textarea><\/div><\/div><!-- .wpforms-field-container --><div class=\"wpforms-recaptcha-container wpforms-is-recaptcha\" ><div class=\"g-recaptcha\" data-sitekey=\"6Lf238kZAAAAAPQ51hEYVAH4i3-Wjx8swuxYXCzi\"><\/div><input type=\"text\" name=\"g-recaptcha-hidden\" class=\"wpforms-recaptcha-hidden\" style=\"position:absolute!important;clip:rect(0,0,0,0)!important;height:1px!important;width:1px!important;border:0!important;overflow:hidden!important;padding:0!important;margin:0!important;\" data-rule-recaptcha=\"1\"><\/div><div class=\"wpforms-submit-container\" ><input type=\"hidden\" name=\"wpforms[id]\" value=\"2982\"><input type=\"hidden\" name=\"wpforms[author]\" value=\"1\"><button type=\"submit\" name=\"wpforms[submit]\" id=\"wpforms-submit-2982\" class=\"wpforms-submit\" data-alt-text=\"Envoi...\" data-submit-text=\"Envoyer\" aria-live=\"assertive\" value=\"wpforms-submit\">Envoyer<\/button><\/div><\/form><\/div>  <!-- .wpforms-container -->","protected":false},"excerpt":{"rendered":"<p>Dans le cadre de la mise \u00e0 jour des informations sur le site internet de la commune, nous vous demandons de bien vouloir trouver ci-dessous un formulaire \u00e0 remplir et [&hellip;]<\/p>\n","protected":false},"author":1,"featured_media":0,"parent":0,"menu_order":0,"comment_status":"closed","ping_status":"closed","template":"","meta":{"_mi_skip_tracking":false,"_exactmetrics_sitenote_active":false,"_exactmetrics_sitenote_note":"","_exactmetrics_sitenote_category":0,"jetpack_post_was_ever_published":false,"footnotes":""},"yoast_head":"<!-- This site is optimized with the Yoast SEO plugin v21.6 - https:\/\/yoast.com\/wordpress\/plugins\/seo\/ -->\n<title>Formulaire Parution - Ville de Briantes<\/title>\n<meta name=\"robots\" content=\"index, follow, max-snippet:-1, max-image-preview:large, max-video-preview:-1\" \/>\n<link rel=\"canonical\" href=\"https:\/\/www.briantes.fr\/index.php\/formulaire-parution\/\" \/>\n<meta property=\"og:locale\" content=\"fr_FR\" \/>\n<meta property=\"og:type\" content=\"article\" \/>\n<meta property=\"og:title\" content=\"Formulaire Parution - Ville de Briantes\" \/>\n<meta property=\"og:description\" content=\"Dans le cadre de la mise \u00e0 jour des informations sur le site internet de la commune, nous vous demandons de bien vouloir trouver ci-dessous un formulaire \u00e0 remplir et [&hellip;]\" \/>\n<meta property=\"og:url\" content=\"https:\/\/www.briantes.fr\/index.php\/formulaire-parution\/\" \/>\n<meta property=\"og:site_name\" content=\"Ville de Briantes\" \/>\n<meta property=\"article:publisher\" content=\"https:\/\/www.facebook.com\/villebriantes\/\" \/>\n<meta property=\"article:modified_time\" content=\"2020-10-01T08:43:24+00:00\" \/>\n<meta name=\"twitter:card\" content=\"summary_large_image\" \/>\n<meta name=\"twitter:label1\" content=\"Dur\u00e9e de lecture estim\u00e9e\" \/>\n\t<meta name=\"twitter:data1\" content=\"1 minute\" \/>\n<script type=\"application\/ld+json\" class=\"yoast-schema-graph\">{\"@context\":\"https:\/\/schema.org\",\"@graph\":[{\"@type\":\"WebPage\",\"@id\":\"https:\/\/www.briantes.fr\/index.php\/formulaire-parution\/\",\"url\":\"https:\/\/www.briantes.fr\/index.php\/formulaire-parution\/\",\"name\":\"Formulaire Parution - Ville de Briantes\",\"isPartOf\":{\"@id\":\"https:\/\/www.briantes.fr\/#website\"},\"datePublished\":\"2020-10-01T08:43:23+00:00\",\"dateModified\":\"2020-10-01T08:43:24+00:00\",\"breadcrumb\":{\"@id\":\"https:\/\/www.briantes.fr\/index.php\/formulaire-parution\/#breadcrumb\"},\"inLanguage\":\"fr-FR\",\"potentialAction\":[{\"@type\":\"ReadAction\",\"target\":[\"https:\/\/www.briantes.fr\/index.php\/formulaire-parution\/\"]}]},{\"@type\":\"BreadcrumbList\",\"@id\":\"https:\/\/www.briantes.fr\/index.php\/formulaire-parution\/#breadcrumb\",\"itemListElement\":[{\"@type\":\"ListItem\",\"position\":1,\"name\":\"Accueil\",\"item\":\"https:\/\/www.briantes.fr\/\"},{\"@type\":\"ListItem\",\"position\":2,\"name\":\"Formulaire Parution\"}]},{\"@type\":\"WebSite\",\"@id\":\"https:\/\/www.briantes.fr\/#website\",\"url\":\"https:\/\/www.briantes.fr\/\",\"name\":\"Ville de Briantes\",\"description\":\"Site officiel\",\"publisher\":{\"@id\":\"https:\/\/www.briantes.fr\/#organization\"},\"potentialAction\":[{\"@type\":\"SearchAction\",\"target\":{\"@type\":\"EntryPoint\",\"urlTemplate\":\"https:\/\/www.briantes.fr\/?s={search_term_string}\"},\"query-input\":\"required name=search_term_string\"}],\"inLanguage\":\"fr-FR\"},{\"@type\":\"Organization\",\"@id\":\"https:\/\/www.briantes.fr\/#organization\",\"name\":\"Mairie de Briantes\",\"url\":\"https:\/\/www.briantes.fr\/\",\"logo\":{\"@type\":\"ImageObject\",\"inLanguage\":\"fr-FR\",\"@id\":\"https:\/\/www.briantes.fr\/#\/schema\/logo\/image\/\",\"url\":\"https:\/\/i0.wp.com\/www.briantes.fr\/wp-content\/uploads\/2019\/01\/Logo-briantes-mini-sd.jpg?fit=200%2C48&ssl=1\",\"contentUrl\":\"https:\/\/i0.wp.com\/www.briantes.fr\/wp-content\/uploads\/2019\/01\/Logo-briantes-mini-sd.jpg?fit=200%2C48&ssl=1\",\"width\":200,\"height\":48,\"caption\":\"Mairie de Briantes\"},\"image\":{\"@id\":\"https:\/\/www.briantes.fr\/#\/schema\/logo\/image\/\"},\"sameAs\":[\"https:\/\/www.facebook.com\/villebriantes\/\"]}]}<\/script>\n<!-- \/ Yoast SEO plugin. -->","yoast_head_json":{"title":"Formulaire Parution - Ville de Briantes","robots":{"index":"index","follow":"follow","max-snippet":"max-snippet:-1","max-image-preview":"max-image-preview:large","max-video-preview":"max-video-preview:-1"},"canonical":"https:\/\/www.briantes.fr\/index.php\/formulaire-parution\/","og_locale":"fr_FR","og_type":"article","og_title":"Formulaire Parution - Ville de Briantes","og_description":"Dans le cadre de la mise \u00e0 jour des informations sur le site internet de la commune, nous vous demandons de bien vouloir trouver ci-dessous un formulaire \u00e0 remplir et [&hellip;]","og_url":"https:\/\/www.briantes.fr\/index.php\/formulaire-parution\/","og_site_name":"Ville de Briantes","article_publisher":"https:\/\/www.facebook.com\/villebriantes\/","article_modified_time":"2020-10-01T08:43:24+00:00","twitter_card":"summary_large_image","twitter_misc":{"Dur\u00e9e de lecture estim\u00e9e":"1 minute"},"schema":{"@context":"https:\/\/schema.org","@graph":[{"@type":"WebPage","@id":"https:\/\/www.briantes.fr\/index.php\/formulaire-parution\/","url":"https:\/\/www.briantes.fr\/index.php\/formulaire-parution\/","name":"Formulaire Parution - Ville de Briantes","isPartOf":{"@id":"https:\/\/www.briantes.fr\/#website"},"datePublished":"2020-10-01T08:43:23+00:00","dateModified":"2020-10-01T08:43:24+00:00","breadcrumb":{"@id":"https:\/\/www.briantes.fr\/index.php\/formulaire-parution\/#breadcrumb"},"inLanguage":"fr-FR","potentialAction":[{"@type":"ReadAction","target":["https:\/\/www.briantes.fr\/index.php\/formulaire-parution\/"]}]},{"@type":"BreadcrumbList","@id":"https:\/\/www.briantes.fr\/index.php\/formulaire-parution\/#breadcrumb","itemListElement":[{"@type":"ListItem","position":1,"name":"Accueil","item":"https:\/\/www.briantes.fr\/"},{"@type":"ListItem","position":2,"name":"Formulaire Parution"}]},{"@type":"WebSite","@id":"https:\/\/www.briantes.fr\/#website","url":"https:\/\/www.briantes.fr\/","name":"Ville de Briantes","description":"Site officiel","publisher":{"@id":"https:\/\/www.briantes.fr\/#organization"},"potentialAction":[{"@type":"SearchAction","target":{"@type":"EntryPoint","urlTemplate":"https:\/\/www.briantes.fr\/?s={search_term_string}"},"query-input":"required name=search_term_string"}],"inLanguage":"fr-FR"},{"@type":"Organization","@id":"https:\/\/www.briantes.fr\/#organization","name":"Mairie de Briantes","url":"https:\/\/www.briantes.fr\/","logo":{"@type":"ImageObject","inLanguage":"fr-FR","@id":"https:\/\/www.briantes.fr\/#\/schema\/logo\/image\/","url":"https:\/\/i0.wp.com\/www.briantes.fr\/wp-content\/uploads\/2019\/01\/Logo-briantes-mini-sd.jpg?fit=200%2C48&ssl=1","contentUrl":"https:\/\/i0.wp.com\/www.briantes.fr\/wp-content\/uploads\/2019\/01\/Logo-briantes-mini-sd.jpg?fit=200%2C48&ssl=1","width":200,"height":48,"caption":"Mairie de Briantes"},"image":{"@id":"https:\/\/www.briantes.fr\/#\/schema\/logo\/image\/"},"sameAs":["https:\/\/www.facebook.com\/villebriantes\/"]}]}},"jetpack_sharing_enabled":true,"jetpack_shortlink":"https:\/\/wp.me\/P9GCCX-M7","jetpack_likes_enabled":true,"jetpack-related-posts":[{"id":111,"url":"https:\/\/www.briantes.fr\/index.php\/vos-demarches\/","url_meta":{"origin":2983,"position":0},"title":"Vos d\u00e9marches","author":"Admin","date":"23 f\u00e9vrier 2018","format":false,"excerpt":"Vos D\u00e9marches Afin de faciliter votre acc\u00e8s aux d\u00e9marches administratives en ligne, vous trouverez ici l'ensemble des liens vers les services publics et informations de la commune et de ses environs. Pour plus d'informations, vous pouvez compl\u00e9ter notre formulaire de contact ou vous adresser directement en mairie. Les informations fournies\u2026","rel":"","context":"Article similaire","block_context":{"text":"Article similaire","link":""},"img":{"alt_text":"","src":"","width":0,"height":0},"classes":[]},{"id":69,"url":"https:\/\/www.briantes.fr\/index.php\/mairie-de-briantes\/","url_meta":{"origin":2983,"position":1},"title":"Mairie de Briantes","author":"Admin","date":"23 f\u00e9vrier 2018","format":false,"excerpt":"Acc\u00e8s et horaires L'\u00e9quipe municipale Les services de la mairie Accueil en mairie Informations pratiques, touristiques, et vie de la commune: pour tout savoir sur la ville de Briantes, vous pouvez vous rendre directement en Mairie.Horaires: Lundi, mardi, jeudi: \u00a08H30-12h30 et 13h30-17H30Mercredi : 9h - 12h30 vendredi 8h30-12h30 13h30-17hAdresse: 4\u2026","rel":"","context":"Article similaire","block_context":{"text":"Article similaire","link":""},"img":{"alt_text":"","src":"https:\/\/i0.wp.com\/www.briantes.fr\/wp-content\/uploads\/2021\/03\/listeBriantes4-2.jpg?resize=350%2C200","width":350,"height":200,"srcset":"https:\/\/i0.wp.com\/www.briantes.fr\/wp-content\/uploads\/2021\/03\/listeBriantes4-2.jpg?resize=350%2C200 1x, https:\/\/i0.wp.com\/www.briantes.fr\/wp-content\/uploads\/2021\/03\/listeBriantes4-2.jpg?resize=525%2C300 1.5x, https:\/\/i0.wp.com\/www.briantes.fr\/wp-content\/uploads\/2021\/03\/listeBriantes4-2.jpg?resize=700%2C400 2x"},"classes":[]},{"id":91,"url":"https:\/\/www.briantes.fr\/index.php\/entreprises-commerces-et-services-2\/","url_meta":{"origin":2983,"position":2},"title":"Entreprises, Commerces et Services","author":"Admin","date":"23 f\u00e9vrier 2018","format":false,"excerpt":"La Ville de Briantes met \u00e0 votre disposition des informations pratiques pour faciliter vos achats dans les commerces de proximit\u00e9 et ainsi soutenir nos entreprises locales, sur l'ensemble de la Communaut\u00e9 de Communes La Ch\u00e2tre Sainte S\u00e9v\u00e8re.Les informations ci-dessous sont susceptibles d'\u00eatre mises \u00e0 jour avec toute demande de mise\u2026","rel":"","context":"Article similaire","block_context":{"text":"Article similaire","link":""},"img":{"alt_text":"","src":"https:\/\/i0.wp.com\/www.briantes.fr\/wp-content\/uploads\/2020\/11\/Briantes-2.jpg?resize=350%2C200","width":350,"height":200,"srcset":"https:\/\/i0.wp.com\/www.briantes.fr\/wp-content\/uploads\/2020\/11\/Briantes-2.jpg?resize=350%2C200 1x, https:\/\/i0.wp.com\/www.briantes.fr\/wp-content\/uploads\/2020\/11\/Briantes-2.jpg?resize=525%2C300 1.5x, https:\/\/i0.wp.com\/www.briantes.fr\/wp-content\/uploads\/2020\/11\/Briantes-2.jpg?resize=700%2C400 2x"},"classes":[]},{"id":430,"url":"https:\/\/www.briantes.fr\/index.php\/vivre-a-briantes\/","url_meta":{"origin":2983,"position":3},"title":"Vivre \u00e0 Briantes","author":"Admin","date":"22 mars 2018","format":false,"excerpt":"Vivre \u00e0 Briantes Au croisement des territoires de La Ch\u00e2tre et de Sainte-S\u00e9v\u00e8re-sur-Indre, la commune de Briantes offre de nombreuses installations pour les enfants, les familles et les s\u00e9niors en qu\u00eate d'un cadre de vie paisible, naturel et convivial. Cet accueil chaleureux permet \u00e9galement \u00e0 nombre de visiteurs, touristes et\u2026","rel":"","context":"Article similaire","block_context":{"text":"Article similaire","link":""},"img":{"alt_text":"","src":"","width":0,"height":0},"classes":[]},{"id":2193,"url":"https:\/\/www.briantes.fr\/index.php\/mentions-legales\/","url_meta":{"origin":2983,"position":4},"title":"Mentions l\u00e9gales","author":"Admin","date":"7 mai 2018","format":false,"excerpt":"Ce site est la propri\u00e9t\u00e9 de la Mairie de Briantes: Adresse: 4 place Jean Moulin, 36 400 Briantes TEL : 02 54 48 09 06 E-mail: mairie.de.briantes@wanadoo.fr R\u00e9daction: Johanna Camp j.camp@ilovelachatre.fr Tel: 06 61 38 47 69 29 Le Virolan, 36400 Briantes Ce site est fabriqu\u00e9 au Big Berry. Cr\u00e9dits\u2026","rel":"","context":"Article similaire","block_context":{"text":"Article similaire","link":""},"img":{"alt_text":"","src":"","width":0,"height":0},"classes":[]},{"id":100,"url":"https:\/\/www.briantes.fr\/index.php\/environnement\/","url_meta":{"origin":2983,"position":5},"title":"Environnement","author":"Admin","date":"23 f\u00e9vrier 2018","format":false,"excerpt":"Prairies arbor\u00e9es et chemins de randonn\u00e9es, la nature a une place importante \u00e0 Briantes. Retrouvez ici toutes les informations utiles pour participer \u00e0 la protection de l'environnement, notamment pour le recyclage et la collecte de d\u00e9chets.\u00a0 L'agriculture \u00e0 Briantes Actualit\u00e9s climat, d\u00e9chets et environnement A d\u00e9couvrir Informations pratiques Une nature\u2026","rel":"","context":"Article similaire","block_context":{"text":"Article similaire","link":""},"img":{"alt_text":"","src":"","width":0,"height":0},"classes":[]}],"_links":{"self":[{"href":"https:\/\/www.briantes.fr\/index.php\/wp-json\/wp\/v2\/pages\/2983"}],"collection":[{"href":"https:\/\/www.briantes.fr\/index.php\/wp-json\/wp\/v2\/pages"}],"about":[{"href":"https:\/\/www.briantes.fr\/index.php\/wp-json\/wp\/v2\/types\/page"}],"author":[{"embeddable":true,"href":"https:\/\/www.briantes.fr\/index.php\/wp-json\/wp\/v2\/users\/1"}],"replies":[{"embeddable":true,"href":"https:\/\/www.briantes.fr\/index.php\/wp-json\/wp\/v2\/comments?post=2983"}],"version-history":[{"count":0,"href":"https:\/\/www.briantes.fr\/index.php\/wp-json\/wp\/v2\/pages\/2983\/revisions"}],"wp:attachment":[{"href":"https:\/\/www.briantes.fr\/index.php\/wp-json\/wp\/v2\/media?parent=2983"}],"curies":[{"name":"wp","href":"https:\/\/api.w.org\/{rel}","templated":true}]}}