{"id":509,"date":"2018-03-22T16:11:09","date_gmt":"2018-03-22T15:11:09","guid":{"rendered":"http:\/\/www.briantes.fr\/?page_id=509"},"modified":"2024-10-22T12:00:12","modified_gmt":"2024-10-22T10:00:12","slug":"ca-se-passe-a-briantes","status":"publish","type":"page","link":"https:\/\/www.briantes.fr\/index.php\/ca-se-passe-a-briantes\/","title":{"rendered":"Ca se passe \u00e0 Briantes"},"content":{"rendered":"\t\t<div data-elementor-type=\"wp-page\" data-elementor-id=\"509\" class=\"elementor elementor-509\" data-elementor-post-type=\"page\">\n\t\t\t\t\t\t<section class=\"elementor-section elementor-top-section elementor-element elementor-element-eb7f24f elementor-section-boxed elementor-section-height-default elementor-section-height-default\" data-id=\"eb7f24f\" data-element_type=\"section\">\n\t\t\t\t\t\t<div class=\"elementor-container elementor-column-gap-default\">\n\t\t\t\t\t<div class=\"elementor-column elementor-col-100 elementor-top-column elementor-element elementor-element-f718cf2\" data-id=\"f718cf2\" data-element_type=\"column\">\n\t\t\t<div class=\"elementor-widget-wrap elementor-element-populated\">\n\t\t\t\t\t\t<div class=\"elementor-element elementor-element-ce7760f elementor-widget elementor-widget-facebook-page\" data-id=\"ce7760f\" data-element_type=\"widget\" data-widget_type=\"facebook-page.default\">\n\t\t\t\t<div class=\"elementor-widget-container\">\n\t\t\t<div class=\"elementor-facebook-widget fb-page\" data-href=\"https:\/\/www.facebook.com\/villebriantes\" data-tabs=\"timeline\" data-height=\"1000px\" data-width=\"500px\" data-small-header=\"false\" data-hide-cover=\"false\" data-show-facepile=\"true\" data-hide-cta=\"false\" style=\"min-height: 1px;height:1000px\"><\/div>\t\t<\/div>\n\t\t\t\t<\/div>\n\t\t\t\t\t<\/div>\n\t\t<\/div>\n\t\t\t\t\t<\/div>\n\t\t<\/section>\n\t\t\t\t<\/div>\n\t\t","protected":false},"excerpt":{"rendered":"","protected":false},"author":1,"featured_media":0,"parent":0,"menu_order":0,"comment_status":"closed","ping_status":"closed","template":"","meta":{"_mi_skip_tracking":false,"_exactmetrics_sitenote_active":false,"_exactmetrics_sitenote_note":"","_exactmetrics_sitenote_category":0,"jetpack_post_was_ever_published":false,"footnotes":""},"yoast_head":"<!-- This site is optimized with the Yoast SEO plugin v21.6 - https:\/\/yoast.com\/wordpress\/plugins\/seo\/ -->\n<title>Ca se passe \u00e0 Briantes - Ville de Briantes<\/title>\n<meta name=\"robots\" content=\"index, follow, max-snippet:-1, max-image-preview:large, max-video-preview:-1\" \/>\n<link rel=\"canonical\" href=\"https:\/\/www.briantes.fr\/index.php\/ca-se-passe-a-briantes\/\" \/>\n<meta property=\"og:locale\" content=\"fr_FR\" \/>\n<meta property=\"og:type\" content=\"article\" \/>\n<meta property=\"og:title\" content=\"Ca se passe \u00e0 Briantes - Ville de Briantes\" \/>\n<meta property=\"og:url\" content=\"https:\/\/www.briantes.fr\/index.php\/ca-se-passe-a-briantes\/\" \/>\n<meta property=\"og:site_name\" content=\"Ville de Briantes\" \/>\n<meta property=\"article:publisher\" content=\"https:\/\/www.facebook.com\/villebriantes\/\" \/>\n<meta property=\"article:modified_time\" content=\"2024-10-22T10:00:12+00:00\" \/>\n<meta name=\"twitter:card\" content=\"summary_large_image\" \/>\n<script type=\"application\/ld+json\" class=\"yoast-schema-graph\">{\"@context\":\"https:\/\/schema.org\",\"@graph\":[{\"@type\":\"WebPage\",\"@id\":\"https:\/\/www.briantes.fr\/index.php\/ca-se-passe-a-briantes\/\",\"url\":\"https:\/\/www.briantes.fr\/index.php\/ca-se-passe-a-briantes\/\",\"name\":\"Ca se passe \u00e0 Briantes - Ville de Briantes\",\"isPartOf\":{\"@id\":\"https:\/\/www.briantes.fr\/#website\"},\"datePublished\":\"2018-03-22T15:11:09+00:00\",\"dateModified\":\"2024-10-22T10:00:12+00:00\",\"breadcrumb\":{\"@id\":\"https:\/\/www.briantes.fr\/index.php\/ca-se-passe-a-briantes\/#breadcrumb\"},\"inLanguage\":\"fr-FR\",\"potentialAction\":[{\"@type\":\"ReadAction\",\"target\":[\"https:\/\/www.briantes.fr\/index.php\/ca-se-passe-a-briantes\/\"]}]},{\"@type\":\"BreadcrumbList\",\"@id\":\"https:\/\/www.briantes.fr\/index.php\/ca-se-passe-a-briantes\/#breadcrumb\",\"itemListElement\":[{\"@type\":\"ListItem\",\"position\":1,\"name\":\"Accueil\",\"item\":\"https:\/\/www.briantes.fr\/\"},{\"@type\":\"ListItem\",\"position\":2,\"name\":\"Ca se passe \u00e0 Briantes\"}]},{\"@type\":\"WebSite\",\"@id\":\"https:\/\/www.briantes.fr\/#website\",\"url\":\"https:\/\/www.briantes.fr\/\",\"name\":\"Ville de Briantes\",\"description\":\"Site officiel\",\"publisher\":{\"@id\":\"https:\/\/www.briantes.fr\/#organization\"},\"potentialAction\":[{\"@type\":\"SearchAction\",\"target\":{\"@type\":\"EntryPoint\",\"urlTemplate\":\"https:\/\/www.briantes.fr\/?s={search_term_string}\"},\"query-input\":\"required name=search_term_string\"}],\"inLanguage\":\"fr-FR\"},{\"@type\":\"Organization\",\"@id\":\"https:\/\/www.briantes.fr\/#organization\",\"name\":\"Mairie de Briantes\",\"url\":\"https:\/\/www.briantes.fr\/\",\"logo\":{\"@type\":\"ImageObject\",\"inLanguage\":\"fr-FR\",\"@id\":\"https:\/\/www.briantes.fr\/#\/schema\/logo\/image\/\",\"url\":\"https:\/\/i0.wp.com\/www.briantes.fr\/wp-content\/uploads\/2019\/01\/Logo-briantes-mini-sd.jpg?fit=200%2C48&ssl=1\",\"contentUrl\":\"https:\/\/i0.wp.com\/www.briantes.fr\/wp-content\/uploads\/2019\/01\/Logo-briantes-mini-sd.jpg?fit=200%2C48&ssl=1\",\"width\":200,\"height\":48,\"caption\":\"Mairie de Briantes\"},\"image\":{\"@id\":\"https:\/\/www.briantes.fr\/#\/schema\/logo\/image\/\"},\"sameAs\":[\"https:\/\/www.facebook.com\/villebriantes\/\"]}]}<\/script>\n<!-- \/ Yoast SEO plugin. -->","yoast_head_json":{"title":"Ca se passe \u00e0 Briantes - Ville de Briantes","robots":{"index":"index","follow":"follow","max-snippet":"max-snippet:-1","max-image-preview":"max-image-preview:large","max-video-preview":"max-video-preview:-1"},"canonical":"https:\/\/www.briantes.fr\/index.php\/ca-se-passe-a-briantes\/","og_locale":"fr_FR","og_type":"article","og_title":"Ca se passe \u00e0 Briantes - Ville de Briantes","og_url":"https:\/\/www.briantes.fr\/index.php\/ca-se-passe-a-briantes\/","og_site_name":"Ville de Briantes","article_publisher":"https:\/\/www.facebook.com\/villebriantes\/","article_modified_time":"2024-10-22T10:00:12+00:00","twitter_card":"summary_large_image","schema":{"@context":"https:\/\/schema.org","@graph":[{"@type":"WebPage","@id":"https:\/\/www.briantes.fr\/index.php\/ca-se-passe-a-briantes\/","url":"https:\/\/www.briantes.fr\/index.php\/ca-se-passe-a-briantes\/","name":"Ca se passe \u00e0 Briantes - Ville de Briantes","isPartOf":{"@id":"https:\/\/www.briantes.fr\/#website"},"datePublished":"2018-03-22T15:11:09+00:00","dateModified":"2024-10-22T10:00:12+00:00","breadcrumb":{"@id":"https:\/\/www.briantes.fr\/index.php\/ca-se-passe-a-briantes\/#breadcrumb"},"inLanguage":"fr-FR","potentialAction":[{"@type":"ReadAction","target":["https:\/\/www.briantes.fr\/index.php\/ca-se-passe-a-briantes\/"]}]},{"@type":"BreadcrumbList","@id":"https:\/\/www.briantes.fr\/index.php\/ca-se-passe-a-briantes\/#breadcrumb","itemListElement":[{"@type":"ListItem","position":1,"name":"Accueil","item":"https:\/\/www.briantes.fr\/"},{"@type":"ListItem","position":2,"name":"Ca se passe \u00e0 Briantes"}]},{"@type":"WebSite","@id":"https:\/\/www.briantes.fr\/#website","url":"https:\/\/www.briantes.fr\/","name":"Ville de Briantes","description":"Site officiel","publisher":{"@id":"https:\/\/www.briantes.fr\/#organization"},"potentialAction":[{"@type":"SearchAction","target":{"@type":"EntryPoint","urlTemplate":"https:\/\/www.briantes.fr\/?s={search_term_string}"},"query-input":"required name=search_term_string"}],"inLanguage":"fr-FR"},{"@type":"Organization","@id":"https:\/\/www.briantes.fr\/#organization","name":"Mairie de Briantes","url":"https:\/\/www.briantes.fr\/","logo":{"@type":"ImageObject","inLanguage":"fr-FR","@id":"https:\/\/www.briantes.fr\/#\/schema\/logo\/image\/","url":"https:\/\/i0.wp.com\/www.briantes.fr\/wp-content\/uploads\/2019\/01\/Logo-briantes-mini-sd.jpg?fit=200%2C48&ssl=1","contentUrl":"https:\/\/i0.wp.com\/www.briantes.fr\/wp-content\/uploads\/2019\/01\/Logo-briantes-mini-sd.jpg?fit=200%2C48&ssl=1","width":200,"height":48,"caption":"Mairie de Briantes"},"image":{"@id":"https:\/\/www.briantes.fr\/#\/schema\/logo\/image\/"},"sameAs":["https:\/\/www.facebook.com\/villebriantes\/"]}]}},"jetpack_sharing_enabled":true,"jetpack_shortlink":"https:\/\/wp.me\/P9GCCX-8d","jetpack_likes_enabled":true,"jetpack-related-posts":[{"id":102,"url":"https:\/\/www.briantes.fr\/index.php\/informations-touristiques\/","url_meta":{"origin":509,"position":0},"title":"Informations touristiques","author":"Admin","date":"23 f\u00e9vrier 2018","format":false,"excerpt":"Informations touristiques Au coeur d'une nature paisible et pr\u00e9serv\u00e9e, profitez du calme et de la beaut\u00e9 de nos paysages de campagne. Des vallons \u00e0 parcourir \u00e0 pieds, en cheval ou \u00e0 v\u00e9lo, des activit\u00e9s tout au long de l'ann\u00e9e et pour tous les \u00e2ges, voici quelques informations pour passer un\u2026","rel":"","context":"Article similaire","block_context":{"text":"Article similaire","link":""},"img":{"alt_text":"","src":"https:\/\/i0.wp.com\/www.briantes.fr\/wp-content\/uploads\/2018\/03\/bandeau3eglise-Briantes.jpg?resize=350%2C200","width":350,"height":200,"srcset":"https:\/\/i0.wp.com\/www.briantes.fr\/wp-content\/uploads\/2018\/03\/bandeau3eglise-Briantes.jpg?resize=350%2C200 1x, https:\/\/i0.wp.com\/www.briantes.fr\/wp-content\/uploads\/2018\/03\/bandeau3eglise-Briantes.jpg?resize=525%2C300 1.5x, https:\/\/i0.wp.com\/www.briantes.fr\/wp-content\/uploads\/2018\/03\/bandeau3eglise-Briantes.jpg?resize=700%2C400 2x, https:\/\/i0.wp.com\/www.briantes.fr\/wp-content\/uploads\/2018\/03\/bandeau3eglise-Briantes.jpg?resize=1050%2C600 3x, https:\/\/i0.wp.com\/www.briantes.fr\/wp-content\/uploads\/2018\/03\/bandeau3eglise-Briantes.jpg?resize=1400%2C800 4x"},"classes":[]},{"id":2193,"url":"https:\/\/www.briantes.fr\/index.php\/mentions-legales\/","url_meta":{"origin":509,"position":1},"title":"Mentions l\u00e9gales","author":"Admin","date":"7 mai 2018","format":false,"excerpt":"Ce site est la propri\u00e9t\u00e9 de la Mairie de Briantes: Adresse: 4 place Jean Moulin, 36 400 Briantes TEL : 02 54 48 09 06 E-mail: mairie.de.briantes@wanadoo.fr R\u00e9daction: Johanna Camp j.camp@ilovelachatre.fr Tel: 06 61 38 47 69 29 Le Virolan, 36400 Briantes Ce site est fabriqu\u00e9 au Big Berry. Cr\u00e9dits\u2026","rel":"","context":"Article similaire","block_context":{"text":"Article similaire","link":""},"img":{"alt_text":"","src":"","width":0,"height":0},"classes":[]},{"id":69,"url":"https:\/\/www.briantes.fr\/index.php\/mairie-de-briantes\/","url_meta":{"origin":509,"position":2},"title":"Mairie de Briantes","author":"Admin","date":"23 f\u00e9vrier 2018","format":false,"excerpt":"Acc\u00e8s et horaires L'\u00e9quipe municipale Les services de la mairie Accueil en mairie Informations pratiques, touristiques, et vie de la commune: pour tout savoir sur la ville de Briantes, vous pouvez vous rendre directement en Mairie.Horaires: Lundi, mardi, jeudi: \u00a08H30-12h30 et 13h30-17H30Mercredi : 9h - 12h30 vendredi 8h30-12h30 13h30-17hAdresse: 4\u2026","rel":"","context":"Article similaire","block_context":{"text":"Article similaire","link":""},"img":{"alt_text":"","src":"https:\/\/i0.wp.com\/www.briantes.fr\/wp-content\/uploads\/2021\/03\/listeBriantes4-2.jpg?resize=350%2C200","width":350,"height":200,"srcset":"https:\/\/i0.wp.com\/www.briantes.fr\/wp-content\/uploads\/2021\/03\/listeBriantes4-2.jpg?resize=350%2C200 1x, https:\/\/i0.wp.com\/www.briantes.fr\/wp-content\/uploads\/2021\/03\/listeBriantes4-2.jpg?resize=525%2C300 1.5x, https:\/\/i0.wp.com\/www.briantes.fr\/wp-content\/uploads\/2021\/03\/listeBriantes4-2.jpg?resize=700%2C400 2x"},"classes":[]},{"id":98,"url":"https:\/\/www.briantes.fr\/index.php\/culture-et-patrimoine\/","url_meta":{"origin":509,"position":3},"title":"Culture et patrimoine","author":"Admin","date":"23 f\u00e9vrier 2018","format":false,"excerpt":"Artisans d'Art Artistes Cr\u00e9ations Les Talents de Briantes Sur l'itin\u00e9raire des Messieurs de Bois Dor\u00e9, roman de George Sand, \u00a0Briantes est connue pour le p\u00e8lerinage de Vaudouan, vieux d'un mill\u00e9naire, l'un des plus anciens de France. Avec la chapelle de Vaudouan comme symbole de cet ancrage dans l'histoire du Berry,\u2026","rel":"","context":"Article similaire","block_context":{"text":"Article similaire","link":""},"img":{"alt_text":"","src":"","width":0,"height":0},"classes":[]},{"id":2,"url":"https:\/\/www.briantes.fr\/","url_meta":{"origin":509,"position":4},"title":"Authentique et moderne","author":"Admin","date":"22 f\u00e9vrier 2018","format":false,"excerpt":"Bienvenue \u00e0 Briantes, commune du d\u00e9partement de l'Indre, en plein Sud Berry.\u200b Mairie de Briantes:4 place Jean Moulin 36400 BriantesHoraires: Lundi, mardi, jeudi: \u00a08H30-12h30 et 13h30-17H30Mercredi : 9h - 12h30 vendredi 8h30-12h30 13h30-17h\u00a002 54 48 09 06 There is no Event Bulletin municipal 2025 T\u00e9lecharger le bulletin Calendrier 2025 des\u2026","rel":"","context":"Article similaire","block_context":{"text":"Article similaire","link":""},"img":{"alt_text":"","src":"https:\/\/i0.wp.com\/www.briantes.fr\/wp-content\/uploads\/2025\/02\/bulletin-briantes-janvier-2025V5LR_Page_01-725x1024.jpg?resize=350%2C200","width":350,"height":200,"srcset":"https:\/\/i0.wp.com\/www.briantes.fr\/wp-content\/uploads\/2025\/02\/bulletin-briantes-janvier-2025V5LR_Page_01-725x1024.jpg?resize=350%2C200 1x, https:\/\/i0.wp.com\/www.briantes.fr\/wp-content\/uploads\/2025\/02\/bulletin-briantes-janvier-2025V5LR_Page_01-725x1024.jpg?resize=525%2C300 1.5x, https:\/\/i0.wp.com\/www.briantes.fr\/wp-content\/uploads\/2025\/02\/bulletin-briantes-janvier-2025V5LR_Page_01-725x1024.jpg?resize=700%2C400 2x"},"classes":[]},{"id":96,"url":"https:\/\/www.briantes.fr\/index.php\/associations-clubs-et-manifestations-culturelles\/","url_meta":{"origin":509,"position":5},"title":"Associations, clubs et manifestations culturelles","author":"Admin","date":"23 f\u00e9vrier 2018","format":false,"excerpt":"Les associations briantaises Briantes permet \u00e0 nombres de jeunes, familles, s\u00e9niors de la ville et d'ailleurs de participer \u00e0 de diverses activit\u00e9s tout au long de l'ann\u00e9e. Conviviales, ouvertes, dynamiques, nos associations animent le quotidien de tous pour cr\u00e9er du lien sur notre territoire \u00e9tendu. Association Sportive et \u00c9ducative de\u2026","rel":"","context":"Article similaire","block_context":{"text":"Article similaire","link":""},"img":{"alt_text":"","src":"https:\/\/i0.wp.com\/www.briantes.fr\/wp-content\/uploads\/2018\/03\/pour-les-familles-briantes-3-1024x640.jpg?resize=350%2C200","width":350,"height":200,"srcset":"https:\/\/i0.wp.com\/www.briantes.fr\/wp-content\/uploads\/2018\/03\/pour-les-familles-briantes-3-1024x640.jpg?resize=350%2C200 1x, https:\/\/i0.wp.com\/www.briantes.fr\/wp-content\/uploads\/2018\/03\/pour-les-familles-briantes-3-1024x640.jpg?resize=525%2C300 1.5x, https:\/\/i0.wp.com\/www.briantes.fr\/wp-content\/uploads\/2018\/03\/pour-les-familles-briantes-3-1024x640.jpg?resize=700%2C400 2x"},"classes":[]}],"_links":{"self":[{"href":"https:\/\/www.briantes.fr\/index.php\/wp-json\/wp\/v2\/pages\/509"}],"collection":[{"href":"https:\/\/www.briantes.fr\/index.php\/wp-json\/wp\/v2\/pages"}],"about":[{"href":"https:\/\/www.briantes.fr\/index.php\/wp-json\/wp\/v2\/types\/page"}],"author":[{"embeddable":true,"href":"https:\/\/www.briantes.fr\/index.php\/wp-json\/wp\/v2\/users\/1"}],"replies":[{"embeddable":true,"href":"https:\/\/www.briantes.fr\/index.php\/wp-json\/wp\/v2\/comments?post=509"}],"version-history":[{"count":3,"href":"https:\/\/www.briantes.fr\/index.php\/wp-json\/wp\/v2\/pages\/509\/revisions"}],"predecessor-version":[{"id":3700,"href":"https:\/\/www.briantes.fr\/index.php\/wp-json\/wp\/v2\/pages\/509\/revisions\/3700"}],"wp:attachment":[{"href":"https:\/\/www.briantes.fr\/index.php\/wp-json\/wp\/v2\/media?parent=509"}],"curies":[{"name":"wp","href":"https:\/\/api.w.org\/{rel}","templated":true}]}}